{"id":836,"date":"2018-08-26T16:38:03","date_gmt":"2018-08-26T14:38:03","guid":{"rendered":"http:\/\/kinoderkunst.de\/dev\/?page_id=836"},"modified":"2018-09-21T14:07:20","modified_gmt":"2018-09-21T12:07:20","slug":"exhibitions","status":"publish","type":"page","link":"https:\/\/kinoderkunst.de\/en\/archives\/kdk-17\/exhibitions\/","title":{"rendered":"Exhibitions 17"},"content":{"rendered":"<h3><strong>ED LACHMANN<\/strong><\/h3>\n<p>Bayerische Akademie der Sch\u00f6nen K\u00fcnste<\/p>\n<h3><strong><a href=\"http:\/\/kinoderkunst.de\/en\/event\/ian-cheng\/\"> IAN CHENG<\/a><br \/>\nEMISSARY FORKS FEATURING THOUSAND ISLANDS<\/strong><\/h3>\n<p>Espace Louis Vuitton M\u00fcnchen<\/p>\n","protected":false},"excerpt":{"rendered":"<p>ED LACHMANN Bayerische Akademie der Sch\u00f6nen K\u00fcnste IAN CHENG EMISSARY FORKS FEATURING THOUSAND ISLANDS Espace Louis Vuitton M\u00fcnchen<\/p>\n","protected":false},"author":1,"featured_media":0,"parent":819,"menu_order":90,"comment_status":"closed","ping_status":"closed","template":"page-exhibitions.php","meta":[],"yoast_head":"<!-- This site is optimized with the Yoast SEO plugin v15.7 - https:\/\/yoast.com\/wordpress\/plugins\/seo\/ -->\n<title>Exhibitions 17 &ndash; Kino der Kunst<\/title>\n<meta name=\"robots\" content=\"index, follow, max-snippet:-1, max-image-preview:large, max-video-preview:-1\" \/>\n<link rel=\"canonical\" href=\"https:\/\/kinoderkunst.de\/en\/archives\/kdk-17\/exhibitions\/\" \/>\n<meta property=\"og:locale\" content=\"en_US\" \/>\n<meta property=\"og:type\" content=\"article\" \/>\n<meta property=\"og:title\" content=\"Exhibitions 17 &ndash; Kino der Kunst\" \/>\n<meta property=\"og:description\" content=\"ED LACHMANN Bayerische Akademie der Sch\u00f6nen K\u00fcnste IAN CHENG EMISSARY FORKS FEATURING THOUSAND ISLANDS Espace Louis Vuitton M\u00fcnchen\" \/>\n<meta property=\"og:url\" content=\"https:\/\/kinoderkunst.de\/en\/archives\/kdk-17\/exhibitions\/\" \/>\n<meta property=\"og:site_name\" content=\"Kino der Kunst\" \/>\n<meta property=\"article:publisher\" content=\"https:\/\/www.facebook.com\/KinoderKunst\/\" \/>\n<meta property=\"article:modified_time\" content=\"2018-09-21T12:07:20+00:00\" \/>\n<meta name=\"twitter:card\" content=\"summary_large_image\" \/>\n<meta name=\"twitter:site\" content=\"@kinoderkunst\" \/>\n<script type=\"application\/ld+json\" class=\"yoast-schema-graph\">{\"@context\":\"https:\/\/schema.org\",\"@graph\":[{\"@type\":\"WebSite\",\"@id\":\"https:\/\/kinoderkunst.de\/de\/#website\",\"url\":\"https:\/\/kinoderkunst.de\/de\/\",\"name\":\"Kino der Kunst\",\"description\":\"\",\"potentialAction\":[{\"@type\":\"SearchAction\",\"target\":\"https:\/\/kinoderkunst.de\/de\/?s={search_term_string}\",\"query-input\":\"required name=search_term_string\"}],\"inLanguage\":\"en-US\"},{\"@type\":\"WebPage\",\"@id\":\"https:\/\/kinoderkunst.de\/en\/archives\/kdk-17\/exhibitions\/#webpage\",\"url\":\"https:\/\/kinoderkunst.de\/en\/archives\/kdk-17\/exhibitions\/\",\"name\":\"Exhibitions 17 &ndash; Kino der Kunst\",\"isPartOf\":{\"@id\":\"https:\/\/kinoderkunst.de\/de\/#website\"},\"datePublished\":\"2018-08-26T14:38:03+00:00\",\"dateModified\":\"2018-09-21T12:07:20+00:00\",\"inLanguage\":\"en-US\",\"potentialAction\":[{\"@type\":\"ReadAction\",\"target\":[\"https:\/\/kinoderkunst.de\/en\/archives\/kdk-17\/exhibitions\/\"]}]}]}<\/script>\n<!-- \/ Yoast SEO plugin. -->","_links":{"self":[{"href":"https:\/\/kinoderkunst.de\/en\/wp-json\/wp\/v2\/pages\/836"}],"collection":[{"href":"https:\/\/kinoderkunst.de\/en\/wp-json\/wp\/v2\/pages"}],"about":[{"href":"https:\/\/kinoderkunst.de\/en\/wp-json\/wp\/v2\/types\/page"}],"author":[{"embeddable":true,"href":"https:\/\/kinoderkunst.de\/en\/wp-json\/wp\/v2\/users\/1"}],"replies":[{"embeddable":true,"href":"https:\/\/kinoderkunst.de\/en\/wp-json\/wp\/v2\/comments?post=836"}],"version-history":[{"count":9,"href":"https:\/\/kinoderkunst.de\/en\/wp-json\/wp\/v2\/pages\/836\/revisions"}],"predecessor-version":[{"id":2572,"href":"https:\/\/kinoderkunst.de\/en\/wp-json\/wp\/v2\/pages\/836\/revisions\/2572"}],"up":[{"embeddable":true,"href":"https:\/\/kinoderkunst.de\/en\/wp-json\/wp\/v2\/pages\/819"}],"wp:attachment":[{"href":"https:\/\/kinoderkunst.de\/en\/wp-json\/wp\/v2\/media?parent=836"}],"curies":[{"name":"wp","href":"https:\/\/api.w.org\/{rel}","templated":true}]}}