{"id":4879,"date":"2020-10-02T18:15:33","date_gmt":"2020-10-02T16:15:33","guid":{"rendered":"http:\/\/kinoderkunst.de\/?page_id=4879"},"modified":"2020-10-06T06:36:28","modified_gmt":"2020-10-06T04:36:28","slug":"juries","status":"publish","type":"page","link":"https:\/\/kinoderkunst.de\/en\/juries\/","title":{"rendered":"Juries"},"content":{"rendered":"<h3><a href=\"https:\/\/kinoderkunst.de\/en\/jury\/\">Jury International Competition<\/a><\/h3>\n<p>Luca Guadagnino |\u00a0 Jury president<\/p>\n<p>Beatrice Bulgari | Producer<\/p>\n<p>Andrea Lissoni | Artistic Director of Haus der Kunst<\/p>\n<p>CAMILLE HENROT | Artist<\/p>\n<h3><a href=\"https:\/\/kinoderkunst.de\/en\/jury-project-award-2020\/\">Jury Project Award<\/a><\/h3>\n<p>Bj\u00f8rn Melhus | President<\/p>\n<p>Mark Hannebauer | Collector<\/p>\n<p>Julian Rosefeldt | Artist<\/p>\n<p><span class=\"st\">Emilija \u0160karnulyt\u0117 | Artist<br \/>\n<\/span><\/p>\n<p>Daniel Lang | Film director<\/p>\n","protected":false},"excerpt":{"rendered":"<p>Jury International Competition Luca Guadagnino |\u00a0 Jury president Beatrice Bulgari | Producer Andrea Lissoni | Artistic Director of Haus der Kunst CAMILLE HENROT | Artist Jury Project Award Bj\u00f8rn Melhus | President Mark Hannebauer | Collector Julian Rosefeldt | Artist Emilija \u0160karnulyt\u0117 | Artist Daniel Lang | Film director<\/p>\n","protected":false},"author":3,"featured_media":0,"parent":0,"menu_order":29,"comment_status":"closed","ping_status":"closed","template":"","meta":[],"yoast_head":"<!-- This site is optimized with the Yoast SEO plugin v15.7 - https:\/\/yoast.com\/wordpress\/plugins\/seo\/ -->\n<title>Juries &ndash; Kino der Kunst<\/title>\n<meta name=\"robots\" content=\"index, follow, max-snippet:-1, max-image-preview:large, max-video-preview:-1\" \/>\n<link rel=\"canonical\" href=\"http:\/\/kinoderkunst.de\/en\/juries\/\" \/>\n<meta property=\"og:locale\" content=\"en_US\" \/>\n<meta property=\"og:type\" content=\"article\" \/>\n<meta property=\"og:title\" content=\"Juries &ndash; Kino der Kunst\" \/>\n<meta property=\"og:description\" content=\"Jury International Competition Luca Guadagnino |\u00a0 Jury president Beatrice Bulgari | Producer Andrea Lissoni | Artistic Director of Haus der Kunst CAMILLE HENROT | Artist Jury Project Award Bj\u00f8rn Melhus | President Mark Hannebauer | Collector Julian Rosefeldt | Artist Emilija \u0160karnulyt\u0117 | Artist Daniel Lang | Film director\" \/>\n<meta property=\"og:url\" content=\"http:\/\/kinoderkunst.de\/en\/juries\/\" \/>\n<meta property=\"og:site_name\" content=\"Kino der Kunst\" \/>\n<meta property=\"article:publisher\" content=\"https:\/\/www.facebook.com\/KinoderKunst\/\" \/>\n<meta property=\"article:modified_time\" content=\"2020-10-06T04:36:28+00:00\" \/>\n<meta name=\"twitter:card\" content=\"summary_large_image\" \/>\n<meta name=\"twitter:site\" content=\"@kinoderkunst\" \/>\n<script type=\"application\/ld+json\" class=\"yoast-schema-graph\">{\"@context\":\"https:\/\/schema.org\",\"@graph\":[{\"@type\":\"WebSite\",\"@id\":\"https:\/\/kinoderkunst.de\/de\/#website\",\"url\":\"https:\/\/kinoderkunst.de\/de\/\",\"name\":\"Kino der Kunst\",\"description\":\"\",\"potentialAction\":[{\"@type\":\"SearchAction\",\"target\":\"https:\/\/kinoderkunst.de\/de\/?s={search_term_string}\",\"query-input\":\"required name=search_term_string\"}],\"inLanguage\":\"en-US\"},{\"@type\":\"WebPage\",\"@id\":\"http:\/\/kinoderkunst.de\/en\/juries\/#webpage\",\"url\":\"http:\/\/kinoderkunst.de\/en\/juries\/\",\"name\":\"Juries &ndash; Kino der Kunst\",\"isPartOf\":{\"@id\":\"https:\/\/kinoderkunst.de\/de\/#website\"},\"datePublished\":\"2020-10-02T16:15:33+00:00\",\"dateModified\":\"2020-10-06T04:36:28+00:00\",\"inLanguage\":\"en-US\",\"potentialAction\":[{\"@type\":\"ReadAction\",\"target\":[\"http:\/\/kinoderkunst.de\/en\/juries\/\"]}]}]}<\/script>\n<!-- \/ Yoast SEO plugin. -->","_links":{"self":[{"href":"https:\/\/kinoderkunst.de\/en\/wp-json\/wp\/v2\/pages\/4879"}],"collection":[{"href":"https:\/\/kinoderkunst.de\/en\/wp-json\/wp\/v2\/pages"}],"about":[{"href":"https:\/\/kinoderkunst.de\/en\/wp-json\/wp\/v2\/types\/page"}],"author":[{"embeddable":true,"href":"https:\/\/kinoderkunst.de\/en\/wp-json\/wp\/v2\/users\/3"}],"replies":[{"embeddable":true,"href":"https:\/\/kinoderkunst.de\/en\/wp-json\/wp\/v2\/comments?post=4879"}],"version-history":[{"count":4,"href":"https:\/\/kinoderkunst.de\/en\/wp-json\/wp\/v2\/pages\/4879\/revisions"}],"predecessor-version":[{"id":4979,"href":"https:\/\/kinoderkunst.de\/en\/wp-json\/wp\/v2\/pages\/4879\/revisions\/4979"}],"wp:attachment":[{"href":"https:\/\/kinoderkunst.de\/en\/wp-json\/wp\/v2\/media?parent=4879"}],"curies":[{"name":"wp","href":"https:\/\/api.w.org\/{rel}","templated":true}]}}