{"id":976,"date":"2018-09-09T11:32:57","date_gmt":"2018-09-09T09:32:57","guid":{"rendered":"http:\/\/kinoderkunst.de\/dev\/?page_id=976"},"modified":"2021-10-06T11:47:07","modified_gmt":"2021-10-06T09:47:07","slug":"programm-kdk-20","status":"publish","type":"page","link":"https:\/\/kinoderkunst.de\/de\/programm-kdk-20\/","title":{"rendered":"Programm 2020"},"content":{"rendered":"<h3>KINO DER KUNST 2020 mit einem hochkar\u00e4tigen Programm<\/h3>\n<p>Wir freuen uns auf die neue Ausgabe, die vom <strong>27. Oktober bis 1. November 2020<\/strong> in Kinos und Museen M\u00fcnchens stattfindet.<br \/>\n<span class=\"\">\u00a0<br class=\"\" \/>Der <a href=\"https:\/\/kinoderkunst.de\/de\/programm\/internationaler-wettbewerb\/\"><strong class=\"\">Internationale Wettbewerb<\/strong><\/a> umfasst rund <strong class=\"\">40 Filme aus fast 30 L\u00e4ndern<\/strong> zum Thema <a class=\"\" href=\"https:\/\/kinoderkunst.us14.list-manage.com\/track\/click?u=73a3b5471a0c946c21f22cac9&amp;id=8a4c743976&amp;e=de06b0e06b\" target=\"_blank\" rel=\"noopener noreferrer\"><strong class=\"\">Verbotene Sch\u00f6nheit<\/strong><\/a>. Mit dabei sind die neuen filmischen Werke von <strong class=\"\">Matthew Barney <\/strong>\u00fcber <strong class=\"\">Cl\u00e9ment Cogitore <\/strong>oder <strong class=\"\">Isaac Julien<\/strong> bis<strong class=\"\"> Mika Rottenberg.<\/strong><br \/>\nEs werden <strong class=\"\">zwei Hauptpreise<\/strong>in H\u00f6he von je 10.000 Euro von einer <a href=\"https:\/\/kinoderkunst.de\/de\/jury\/\"><strong class=\"\">internationalen Jury<\/strong><\/a> vergeben, dazu wird der mit einem Preis dotierte \u00f6ffentliche <strong class=\"\">Projekt-Pitch f\u00fcr Vorhaben europ\u00e4ischer Film- und Kunststudierenden<\/strong> abgehalten. Au\u00dferdem verleiht <strong class=\"\">Espace Louis Vuitton <\/strong>den hoch dotierten <strong class=\"\">Preis f\u00fcr ein medien\u00fcberschreitendes Gesamtwerk<\/strong>.<br \/>\nEin <strong class=\"\">internationales Symposium <\/strong>zum Thema <strong class=\"\">&#8222;Die Kunst des Bewegtbildes in digitalen Zeiten&#8220;<\/strong> widmet sich den Auswirkungen von Covid-19 auf Kunstmarkt, Museums- und Sammlerstrategien, einhergehend mit der zunehmend digitalen Verbreitung der Werke. Das Symposium wird live gestreamt (kinoderkunst.de\/online-events).<br \/>\n<\/span><span class=\"\">Die <strong class=\"\">K\u00fcnstlergespr\u00e4che<\/strong> finden in den <strong class=\"\">Kinos der HFF<\/strong> und im <strong>Ernst Siemens Forum der<\/strong> <strong class=\"\">Pinkothek der Moderne (in Kooperation mit dem Museum Brandhorst) <\/strong>vor Publikum \u2013 dort auch mit Video-Aufzeichnung und Ausstrahlung im Internet statt (kinoderkunst.de\/online-events).<br \/>\nNeben dem Herzst\u00fcck des Festivals, den Kinos der <strong class=\"\">Hochschule f\u00fcr Film und Fernsehen (HFF M\u00fcnchen), <\/strong>sind die Lichtspieltheater <strong class=\"\">Theatiner Filmkunst <\/strong>und die <strong class=\"\">City Kinos<\/strong> Spielst\u00e4tten f\u00fcr den Internationalen Wettbewerb.<br \/>\n<\/span><\/p>\n<h4><a href=\"http:\/\/kinoderkunst.de\/wp-content\/uploads\/2020\/10\/KDK_2020_Katalog_digital_final-1.pdf\">Katalog KINO DER KUNST 2020<\/a><\/h4>\n","protected":false},"excerpt":{"rendered":"<p>KINO DER KUNST 2020 mit einem hochkar\u00e4tigen Programm Wir freuen uns auf die neue Ausgabe, die vom 27. Oktober bis 1. November 2020 in Kinos und Museen M\u00fcnchens stattfindet. \u00a0Der Internationale Wettbewerb umfasst rund 40 Filme aus fast 30 L\u00e4ndern zum Thema Verbotene Sch\u00f6nheit. Mit dabei sind die neuen filmischen Werke von Matthew Barney \u00fcber [&hellip;]<\/p>\n","protected":false},"author":1,"featured_media":0,"parent":0,"menu_order":106,"comment_status":"closed","ping_status":"closed","template":"","meta":[],"yoast_head":"<!-- This site is optimized with the Yoast SEO plugin v15.7 - https:\/\/yoast.com\/wordpress\/plugins\/seo\/ -->\n<title>Programm 2020 &ndash; Kino der Kunst<\/title>\n<meta name=\"robots\" content=\"index, follow, max-snippet:-1, max-image-preview:large, max-video-preview:-1\" \/>\n<link rel=\"canonical\" href=\"http:\/\/kinoderkunst.de\/de\/programm-kdk-20\/\" \/>\n<meta property=\"og:locale\" content=\"de_DE\" \/>\n<meta property=\"og:type\" content=\"article\" \/>\n<meta property=\"og:title\" content=\"Programm 2020 &ndash; Kino der Kunst\" \/>\n<meta property=\"og:description\" content=\"KINO DER KUNST 2020 mit einem hochkar\u00e4tigen Programm Wir freuen uns auf die neue Ausgabe, die vom 27. Oktober bis 1. November 2020 in Kinos und Museen M\u00fcnchens stattfindet. \u00a0Der Internationale Wettbewerb umfasst rund 40 Filme aus fast 30 L\u00e4ndern zum Thema Verbotene Sch\u00f6nheit. Mit dabei sind die neuen filmischen Werke von Matthew Barney \u00fcber [&hellip;]\" \/>\n<meta property=\"og:url\" content=\"http:\/\/kinoderkunst.de\/de\/programm-kdk-20\/\" \/>\n<meta property=\"og:site_name\" content=\"Kino der Kunst\" \/>\n<meta property=\"article:publisher\" content=\"https:\/\/www.facebook.com\/KinoderKunst\/\" \/>\n<meta property=\"article:modified_time\" content=\"2021-10-06T09:47:07+00:00\" \/>\n<meta name=\"twitter:card\" content=\"summary_large_image\" \/>\n<meta name=\"twitter:site\" content=\"@kinoderkunst\" \/>\n<meta name=\"twitter:label1\" content=\"Gesch\u00e4tzte Lesezeit\">\n\t<meta name=\"twitter:data1\" content=\"1\u00a0Minute\">\n<script type=\"application\/ld+json\" class=\"yoast-schema-graph\">{\"@context\":\"https:\/\/schema.org\",\"@graph\":[{\"@type\":\"WebSite\",\"@id\":\"https:\/\/kinoderkunst.de\/de\/#website\",\"url\":\"https:\/\/kinoderkunst.de\/de\/\",\"name\":\"Kino der Kunst\",\"description\":\"\",\"potentialAction\":[{\"@type\":\"SearchAction\",\"target\":\"https:\/\/kinoderkunst.de\/de\/?s={search_term_string}\",\"query-input\":\"required name=search_term_string\"}],\"inLanguage\":\"de\"},{\"@type\":\"WebPage\",\"@id\":\"http:\/\/kinoderkunst.de\/de\/programm-kdk-20\/#webpage\",\"url\":\"http:\/\/kinoderkunst.de\/de\/programm-kdk-20\/\",\"name\":\"Programm 2020 &ndash; Kino der Kunst\",\"isPartOf\":{\"@id\":\"https:\/\/kinoderkunst.de\/de\/#website\"},\"datePublished\":\"2018-09-09T09:32:57+00:00\",\"dateModified\":\"2021-10-06T09:47:07+00:00\",\"inLanguage\":\"de\",\"potentialAction\":[{\"@type\":\"ReadAction\",\"target\":[\"http:\/\/kinoderkunst.de\/de\/programm-kdk-20\/\"]}]}]}<\/script>\n<!-- \/ Yoast SEO plugin. -->","_links":{"self":[{"href":"https:\/\/kinoderkunst.de\/de\/wp-json\/wp\/v2\/pages\/976"}],"collection":[{"href":"https:\/\/kinoderkunst.de\/de\/wp-json\/wp\/v2\/pages"}],"about":[{"href":"https:\/\/kinoderkunst.de\/de\/wp-json\/wp\/v2\/types\/page"}],"author":[{"embeddable":true,"href":"https:\/\/kinoderkunst.de\/de\/wp-json\/wp\/v2\/users\/1"}],"replies":[{"embeddable":true,"href":"https:\/\/kinoderkunst.de\/de\/wp-json\/wp\/v2\/comments?post=976"}],"version-history":[{"count":12,"href":"https:\/\/kinoderkunst.de\/de\/wp-json\/wp\/v2\/pages\/976\/revisions"}],"predecessor-version":[{"id":4995,"href":"https:\/\/kinoderkunst.de\/de\/wp-json\/wp\/v2\/pages\/976\/revisions\/4995"}],"wp:attachment":[{"href":"https:\/\/kinoderkunst.de\/de\/wp-json\/wp\/v2\/media?parent=976"}],"curies":[{"name":"wp","href":"https:\/\/api.w.org\/{rel}","templated":true}]}}