{"id":953,"date":"2018-09-08T20:11:00","date_gmt":"2018-09-08T18:11:00","guid":{"rendered":"http:\/\/kinoderkunst.de\/dev\/?page_id=953"},"modified":"2021-10-06T11:44:09","modified_gmt":"2021-10-06T09:44:09","slug":"thema-kdk-20","status":"publish","type":"page","link":"https:\/\/kinoderkunst.de\/de\/thema-kdk-20\/","title":{"rendered":"Thema 2020"},"content":{"rendered":"<h2>FORBIDDEN BEAUTY \u2013 VERBOTENE SCH\u00d6NHEIT<\/h2>\n<p>Warum ist der Begriff der Sch\u00f6nheit in der Gegenwartskunst so verp\u00f6nt? Hat diese etwa Angst vor jenem sch\u00f6nen Schein, der Probleme kaschieren, aber nicht ernsthaft angehen kann? Stichwort der Stunde ist zur Zeit eine angeblich notwendige \u201e\u00e4sthetische Korrektheit\u201c gut gemeinter politischer Anliegen. Politisches kann jedoch auch \u00e4sthetisch verhandelt werden, ohne der angeblichen Macht der Bilder von Film und Kino unkritisch zu verfallen oder Inhalte durch oberfl\u00e4chliche Netzhautreize zu ersetzen. Politische Kunst muss nicht formal mittelm\u00e4\u00dfig oder altbacken, Kritisches kann auch in aggressiver Sch\u00f6nheit verpackt sein.<\/p>\n<p>Nach dem Scheitern der mit viel Vorschusslorbeeren angek\u00fcndigten Gro\u00dfausstellungen des Jahres 2017 in Athen\/Kassel und Venedig, die in ihrer oft naiven politischen Botschaft (Documenta) oder formalen Harmlosigkeit (Venedig-Biennale) einen schalen Geschmack hinterlie\u00dfen, geht es zur Zeit um nichts weniger als eine Standortbestimmung der Gegenwartskunst: Wie kann sich diese vom Diktat inhaltlich denkfauler Kommerzialit\u00e4t befreien, ohne in formaler Belanglosigkeit zu vergehen? KINO DER KUNST 20 will zeigen, wie die Kunst des Bewegtbilds in einer hoch \u00e4sthetischen Bildsprache die dringlichen Themen unserer Zeit aufzugreifen wei\u00df.<\/p>\n","protected":false},"excerpt":{"rendered":"<p>FORBIDDEN BEAUTY \u2013 VERBOTENE SCH\u00d6NHEIT Warum ist der Begriff der Sch\u00f6nheit in der Gegenwartskunst so verp\u00f6nt? Hat diese etwa Angst vor jenem sch\u00f6nen Schein, der Probleme kaschieren, aber nicht ernsthaft angehen kann? Stichwort der Stunde ist zur Zeit eine angeblich notwendige \u201e\u00e4sthetische Korrektheit\u201c gut gemeinter politischer Anliegen. Politisches kann jedoch auch \u00e4sthetisch verhandelt werden, ohne [&hellip;]<\/p>\n","protected":false},"author":1,"featured_media":0,"parent":0,"menu_order":134,"comment_status":"closed","ping_status":"closed","template":"","meta":[],"yoast_head":"<!-- This site is optimized with the Yoast SEO plugin v15.7 - https:\/\/yoast.com\/wordpress\/plugins\/seo\/ -->\n<title>Thema 2020 &ndash; Kino der Kunst<\/title>\n<meta name=\"robots\" content=\"index, follow, max-snippet:-1, max-image-preview:large, max-video-preview:-1\" \/>\n<link rel=\"canonical\" href=\"http:\/\/kinoderkunst.de\/de\/thema-kdk-20\/\" \/>\n<meta property=\"og:locale\" content=\"de_DE\" \/>\n<meta property=\"og:type\" content=\"article\" \/>\n<meta property=\"og:title\" content=\"Thema 2020 &ndash; Kino der Kunst\" \/>\n<meta property=\"og:description\" content=\"FORBIDDEN BEAUTY \u2013 VERBOTENE SCH\u00d6NHEIT Warum ist der Begriff der Sch\u00f6nheit in der Gegenwartskunst so verp\u00f6nt? Hat diese etwa Angst vor jenem sch\u00f6nen Schein, der Probleme kaschieren, aber nicht ernsthaft angehen kann? Stichwort der Stunde ist zur Zeit eine angeblich notwendige \u201e\u00e4sthetische Korrektheit\u201c gut gemeinter politischer Anliegen. Politisches kann jedoch auch \u00e4sthetisch verhandelt werden, ohne [&hellip;]\" \/>\n<meta property=\"og:url\" content=\"http:\/\/kinoderkunst.de\/de\/thema-kdk-20\/\" \/>\n<meta property=\"og:site_name\" content=\"Kino der Kunst\" \/>\n<meta property=\"article:publisher\" content=\"https:\/\/www.facebook.com\/KinoderKunst\/\" \/>\n<meta property=\"article:modified_time\" content=\"2021-10-06T09:44:09+00:00\" \/>\n<meta name=\"twitter:card\" content=\"summary_large_image\" \/>\n<meta name=\"twitter:site\" content=\"@kinoderkunst\" \/>\n<meta name=\"twitter:label1\" content=\"Gesch\u00e4tzte Lesezeit\">\n\t<meta name=\"twitter:data1\" content=\"1\u00a0Minute\">\n<script type=\"application\/ld+json\" class=\"yoast-schema-graph\">{\"@context\":\"https:\/\/schema.org\",\"@graph\":[{\"@type\":\"WebSite\",\"@id\":\"https:\/\/kinoderkunst.de\/de\/#website\",\"url\":\"https:\/\/kinoderkunst.de\/de\/\",\"name\":\"Kino der Kunst\",\"description\":\"\",\"potentialAction\":[{\"@type\":\"SearchAction\",\"target\":\"https:\/\/kinoderkunst.de\/de\/?s={search_term_string}\",\"query-input\":\"required name=search_term_string\"}],\"inLanguage\":\"de\"},{\"@type\":\"WebPage\",\"@id\":\"http:\/\/kinoderkunst.de\/de\/thema-kdk-20\/#webpage\",\"url\":\"http:\/\/kinoderkunst.de\/de\/thema-kdk-20\/\",\"name\":\"Thema 2020 &ndash; Kino der Kunst\",\"isPartOf\":{\"@id\":\"https:\/\/kinoderkunst.de\/de\/#website\"},\"datePublished\":\"2018-09-08T18:11:00+00:00\",\"dateModified\":\"2021-10-06T09:44:09+00:00\",\"inLanguage\":\"de\",\"potentialAction\":[{\"@type\":\"ReadAction\",\"target\":[\"http:\/\/kinoderkunst.de\/de\/thema-kdk-20\/\"]}]}]}<\/script>\n<!-- \/ Yoast SEO plugin. -->","_links":{"self":[{"href":"https:\/\/kinoderkunst.de\/de\/wp-json\/wp\/v2\/pages\/953"}],"collection":[{"href":"https:\/\/kinoderkunst.de\/de\/wp-json\/wp\/v2\/pages"}],"about":[{"href":"https:\/\/kinoderkunst.de\/de\/wp-json\/wp\/v2\/types\/page"}],"author":[{"embeddable":true,"href":"https:\/\/kinoderkunst.de\/de\/wp-json\/wp\/v2\/users\/1"}],"replies":[{"embeddable":true,"href":"https:\/\/kinoderkunst.de\/de\/wp-json\/wp\/v2\/comments?post=953"}],"version-history":[{"count":7,"href":"https:\/\/kinoderkunst.de\/de\/wp-json\/wp\/v2\/pages\/953\/revisions"}],"predecessor-version":[{"id":5406,"href":"https:\/\/kinoderkunst.de\/de\/wp-json\/wp\/v2\/pages\/953\/revisions\/5406"}],"wp:attachment":[{"href":"https:\/\/kinoderkunst.de\/de\/wp-json\/wp\/v2\/media?parent=953"}],"curies":[{"name":"wp","href":"https:\/\/api.w.org\/{rel}","templated":true}]}}