{"id":4966,"date":"2020-10-05T15:39:52","date_gmt":"2020-10-05T13:39:52","guid":{"rendered":"http:\/\/kinoderkunst.de\/?page_id=4966"},"modified":"2020-10-20T18:05:16","modified_gmt":"2020-10-20T16:05:16","slug":"projekt-pitch-nominierte-2020","status":"publish","type":"page","link":"https:\/\/kinoderkunst.de\/de\/preise-kdk-20\/projekt-preis\/projekt-pitch-nominierte-2020\/","title":{"rendered":"Projekt Pitch Nominierte 2020"},"content":{"rendered":"<h3>BURAK \u00c7EVIK<\/h3>\n<p>Nominiert von der Bilgi University, Istanbul<\/p>\n<figure id=\"attachment_5105\" aria-describedby=\"caption-attachment-5105\" style=\"width: 300px\" class=\"wp-caption alignnone\"><img loading=\"lazy\" class=\"wp-image-5105\" src=\"http:\/\/kinoderkunst.de\/wp-content\/uploads\/2020\/10\/Burak-Cevik@Edze-Ali.png\" alt=\"\" width=\"300\" height=\"317\" srcset=\"https:\/\/kinoderkunst.de\/wp-content\/uploads\/2020\/10\/Burak-Cevik@Edze-Ali.png 626w, https:\/\/kinoderkunst.de\/wp-content\/uploads\/2020\/10\/Burak-Cevik@Edze-Ali-284x300.png 284w, https:\/\/kinoderkunst.de\/wp-content\/uploads\/2020\/10\/Burak-Cevik@Edze-Ali-95x100.png 95w\" sizes=\"(max-width: 300px) 100vw, 300px\" \/><figcaption id=\"caption-attachment-5105\" class=\"wp-caption-text\">Burak Cevik \u00a9 Edze Ali<\/figcaption><\/figure>\n<p>Geb. 1993 in Istanbul. Filmstudium an der Istanbul Bilgi University. Sein zweiter Spielfilm <em>Aidiyet (Belonging)<\/em> und das Video <em>A Topography of Memory<\/em> wurden auf vielen internationalen Festivals, u. a. beim Berlinale Forum und dem New York Filmfestival, gezeigt. Sein neues fiktionales Langfilmprojekt <em>All The Tired Horses<\/em> h\u00e4lt vier Handlungsstr\u00e4nge an einem geographischen Punkt, Ankara, zusammen: Sie reichen vom 16. Jahrhundert v. Chr. \u00fcber die Epoche Sultan Suleimans und einem ber\u00fcchtigten Massaker an demonstrierenden Arbeitern von 1978 bis in die heutige Zeit.<\/p>\n<div class=\"mceTemp\"><\/div>\n<h3>AFAGH IRANDOOST<\/h3>\n<p>Nominiert von der Universit\u00e4t der K\u00fcnste, Berlin<\/p>\n<figure id=\"attachment_5101\" aria-describedby=\"caption-attachment-5101\" style=\"width: 300px\" class=\"wp-caption alignnone\"><img loading=\"lazy\" class=\"wp-image-5101 size-medium\" src=\"http:\/\/kinoderkunst.de\/wp-content\/uploads\/2020\/10\/Afagh-Irandoost@Jessica-Steiner-300x200.jpeg\" alt=\"\" width=\"300\" height=\"200\" srcset=\"https:\/\/kinoderkunst.de\/wp-content\/uploads\/2020\/10\/Afagh-Irandoost@Jessica-Steiner-300x200.jpeg 300w, https:\/\/kinoderkunst.de\/wp-content\/uploads\/2020\/10\/Afagh-Irandoost@Jessica-Steiner-768x513.jpeg 768w, https:\/\/kinoderkunst.de\/wp-content\/uploads\/2020\/10\/Afagh-Irandoost@Jessica-Steiner-1024x684.jpeg 1024w, https:\/\/kinoderkunst.de\/wp-content\/uploads\/2020\/10\/Afagh-Irandoost@Jessica-Steiner-150x100.jpeg 150w, https:\/\/kinoderkunst.de\/wp-content\/uploads\/2020\/10\/Afagh-Irandoost@Jessica-Steiner.jpeg 1280w\" sizes=\"(max-width: 300px) 100vw, 300px\" \/><figcaption id=\"caption-attachment-5101\" class=\"wp-caption-text\">Afagh Irandoost\u00a9 Jessica Steiner<\/figcaption><\/figure>\n<p>Geb. in Teheran, lebt seit 2006 in Deutschland. Diplom in Architektur, danach Kunst- und Medienstudium. Ihren mittellangen Spielfilm <em>Sing with Me<\/em> drehte sie in Los Angeles. Davor realisierte sie Kurzfilme und Videoinstallationen, u. a. f\u00fcr das Gorki Theater Berlin. Autorin von Video- und Werbeclips, DJ in Berliner Clubs und Organisatorin von Kulturinitiativen in der Berliner Szene. In ihrem n\u00e4chsten Projekt, dem Langspielfilm <em>The Last Days of March<\/em>, treffen vier Personen auf einer Insel im S\u00fcden Irans zusammen; jede steht f\u00fcr eine andere Kultur, einen anderen Lebensentwurf, eine andere Gesellschaft.<\/p>\n<h3>NARGES KALHOR<\/h3>\n<p>Nominiert von der Hochschule f\u00fcr Fernsehen und Film, M\u00fcnchen<\/p>\n<figure id=\"attachment_5115\" aria-describedby=\"caption-attachment-5115\" style=\"width: 300px\" class=\"wp-caption alignnone\"><img loading=\"lazy\" class=\"wp-image-5115\" src=\"http:\/\/kinoderkunst.de\/wp-content\/uploads\/2020\/10\/NargesKalhor@JuliaSwoboda-219x300.jpg\" alt=\"\" width=\"300\" height=\"412\" srcset=\"https:\/\/kinoderkunst.de\/wp-content\/uploads\/2020\/10\/NargesKalhor@JuliaSwoboda-219x300.jpg 219w, https:\/\/kinoderkunst.de\/wp-content\/uploads\/2020\/10\/NargesKalhor@JuliaSwoboda-73x100.jpg 73w, https:\/\/kinoderkunst.de\/wp-content\/uploads\/2020\/10\/NargesKalhor@JuliaSwoboda.jpg 738w\" sizes=\"(max-width: 300px) 100vw, 300px\" \/><figcaption id=\"caption-attachment-5115\" class=\"wp-caption-text\">Narges Kalhor \u00a9 Julia Swoboda<\/figcaption><\/figure>\n<p>Geb. 1984 in Teheran. Studium an der Filmhochschule Teheran. Ihr Kurzfilm Die Egge lief 2009 beim International Human Rights Filmfestival N\u00fcrnberg. Nach einem erfolgreichen Antrag auf politisches Asyl studierte sie an der Hochschule f\u00fcr Fernsehen und Film M\u00fcnchen. Ihr zweiter Kurzfilm <em>Shoot Me<\/em> (als Co-Regisseurin) wurde f\u00fcr den deutschen Kurzfilmpreis nominiert, ihre Videoinstallation <em>Kafan<\/em> beim Underdox-Festival ausgezeichnet. Ihr Abschlussfilm <em>In the Name of Scheherazade<\/em> feierte seine Premiere auf dem Festival Visions du R\u00e9el Nyon. Ihr hybrides Langfilmprojekt <em>Shahid<\/em> ist eine dramatische Kom\u00f6die, die auf dokumentarisches Material und die Religionsgeschichte zur\u00fcckgreift: Im Iranischen kann man das Wort \u201eshahid\u201c am ehesten mit \u201eM\u00e4rtyrer\u201c \u00fcbersetzen. Eine junge Iranerin soll in Deutschland eingeb\u00fcrgert werden und m\u00f6chte ihren Familiennamen \u00e4ndern. Weder f\u00fchlt sie sich streng islamisch noch tot &#8230;<\/p>\n<h3>BIANCA KENNEDY<\/h3>\n<p>Nominiert von der Akademie der Bildenden K\u00fcnste, M\u00fcnchen<\/p>\n<p>&nbsp;<\/p>\n<figure id=\"attachment_5103\" aria-describedby=\"caption-attachment-5103\" style=\"width: 300px\" class=\"wp-caption alignnone\"><img loading=\"lazy\" class=\"wp-image-5103\" src=\"http:\/\/kinoderkunst.de\/wp-content\/uploads\/2020\/10\/Bianca-Kennedy@Bianca-Kennedy__vor-ihrer-3-Kanal-Installation-WERE-ALL-IN-THIS-TOGETHER-in-der-Ausstellung-Sehnsucht-und-Fall-kuratiert-von-Philipp-Bollmann-Kunstsaele-Berlin-2020-1024x696.jpg\" alt=\"\" width=\"300\" height=\"204\" srcset=\"https:\/\/kinoderkunst.de\/wp-content\/uploads\/2020\/10\/Bianca-Kennedy@Bianca-Kennedy__vor-ihrer-3-Kanal-Installation-WERE-ALL-IN-THIS-TOGETHER-in-der-Ausstellung-Sehnsucht-und-Fall-kuratiert-von-Philipp-Bollmann-Kunstsaele-Berlin-2020-1024x696.jpg 1024w, https:\/\/kinoderkunst.de\/wp-content\/uploads\/2020\/10\/Bianca-Kennedy@Bianca-Kennedy__vor-ihrer-3-Kanal-Installation-WERE-ALL-IN-THIS-TOGETHER-in-der-Ausstellung-Sehnsucht-und-Fall-kuratiert-von-Philipp-Bollmann-Kunstsaele-Berlin-2020-300x204.jpg 300w, https:\/\/kinoderkunst.de\/wp-content\/uploads\/2020\/10\/Bianca-Kennedy@Bianca-Kennedy__vor-ihrer-3-Kanal-Installation-WERE-ALL-IN-THIS-TOGETHER-in-der-Ausstellung-Sehnsucht-und-Fall-kuratiert-von-Philipp-Bollmann-Kunstsaele-Berlin-2020-768x522.jpg 768w, https:\/\/kinoderkunst.de\/wp-content\/uploads\/2020\/10\/Bianca-Kennedy@Bianca-Kennedy__vor-ihrer-3-Kanal-Installation-WERE-ALL-IN-THIS-TOGETHER-in-der-Ausstellung-Sehnsucht-und-Fall-kuratiert-von-Philipp-Bollmann-Kunstsaele-Berlin-2020-147x100.jpg 147w\" sizes=\"(max-width: 300px) 100vw, 300px\" \/><figcaption id=\"caption-attachment-5103\" class=\"wp-caption-text\">Bianca Kennedy \u00a9 Bianca Kennedy, vor ihrer 3-Kanal-Installation WE&#8217;RE ALL IN THIS TOGETHER in der Ausstellung Sehnsucht und Fall, kuratiert von Philipp Bollmann, Kunsts\u00e4le Berlin 2020<\/figcaption><\/figure>\n<p>Geb. 1989 in Leipzig. Studium an der Akademie der Bildenden K\u00fcnste Athen und M\u00fcnchen. Kennedys Werke wurden in Museen, Galerien und auf Festivals gezeigt, darunter die Kunsthalle Baden-Baden, das CCBB Rio de Janeiro und das Sundance Film Festival. In ihrer neuen VR-Arbeit <em>Golden Years<\/em> behandelt sie die Vorurteile in Werbung und Massenmedien gegen\u00fcber Frauen \u00fcber Sechzig. Kennedy mischt in ihrer interaktiven Animation selbstmodellierte Protagonistinnen mit skurrilen Tonpassagen aus TV-Serien und Kinofilmen.<\/p>\n<h3>MELISA LIEBENTHAL<\/h3>\n<p>Nominiert von Le Fresnoy, Tourcoing<\/p>\n<figure id=\"attachment_5113\" aria-describedby=\"caption-attachment-5113\" style=\"width: 300px\" class=\"wp-caption alignnone\"><img loading=\"lazy\" class=\"wp-image-5113\" src=\"http:\/\/kinoderkunst.de\/wp-content\/uploads\/2020\/10\/Melisa-Liebenthal@Roberto-Lilienthal-263x300.jpg\" alt=\"\" width=\"300\" height=\"342\" srcset=\"https:\/\/kinoderkunst.de\/wp-content\/uploads\/2020\/10\/Melisa-Liebenthal@Roberto-Lilienthal-263x300.jpg 263w, https:\/\/kinoderkunst.de\/wp-content\/uploads\/2020\/10\/Melisa-Liebenthal@Roberto-Lilienthal-768x876.jpg 768w, https:\/\/kinoderkunst.de\/wp-content\/uploads\/2020\/10\/Melisa-Liebenthal@Roberto-Lilienthal-897x1024.jpg 897w, https:\/\/kinoderkunst.de\/wp-content\/uploads\/2020\/10\/Melisa-Liebenthal@Roberto-Lilienthal-1314x1500.jpg 1314w, https:\/\/kinoderkunst.de\/wp-content\/uploads\/2020\/10\/Melisa-Liebenthal@Roberto-Lilienthal-88x100.jpg 88w\" sizes=\"(max-width: 300px) 100vw, 300px\" \/><figcaption id=\"caption-attachment-5113\" class=\"wp-caption-text\">Melisa-Liebenthal \u00a9 Roberto Lilienthal<\/figcaption><\/figure>\n<p>Geb. 1991 in Buenos Aires, Studium an der Universidad de Cine und danach und danach besuchte sie mit Bel\u00e1 Tarr als Mentor die franz\u00f6sische Medienkunsthochschule f\u00fcr Postgraduierte Le Fresnoy. Ihr Langfilmdeb\u00fct Las lindas wurde 2016 u. a. auf dem Internationalen Filmfestival Rotterdam ausgezeichnet. Ihr Projekt f\u00fcr einen zweiten abendf\u00fcllenden Spielfilm <em>EL rostro de la Medusa<\/em> handelt von einer jungen Lehrerin, deren Gesicht beginnt, sich bis zur Unkenntlichkeit zu ver\u00e4ndern. Gesicht und Augen stehen normalerweise f\u00fcr die Identit\u00e4t eines Lebewesens. Wie soll sie auf die Ver\u00e4nderung reagieren? Ihr altes Leben weiterf\u00fchren? Sich von der Umwelt abkapseln? Oder sich eine neue Identit\u00e4t schaffen?<\/p>\n<h3>LILI NAGY<\/h3>\n<p>Nominiert von der University of Theater and Film Arts, Budapest<\/p>\n<figure id=\"attachment_5109\" aria-describedby=\"caption-attachment-5109\" style=\"width: 300px\" class=\"wp-caption alignnone\"><img loading=\"lazy\" class=\"size-medium wp-image-5109\" src=\"http:\/\/kinoderkunst.de\/wp-content\/uploads\/2020\/10\/Lili-Nagy@A\u0301da\u0301m-Polhodzik-300x300.jpg\" alt=\"\" width=\"300\" height=\"300\" srcset=\"https:\/\/kinoderkunst.de\/wp-content\/uploads\/2020\/10\/Lili-Nagy@A\u0301da\u0301m-Polhodzik-300x300.jpg 300w, https:\/\/kinoderkunst.de\/wp-content\/uploads\/2020\/10\/Lili-Nagy@A\u0301da\u0301m-Polhodzik-150x150.jpg 150w, https:\/\/kinoderkunst.de\/wp-content\/uploads\/2020\/10\/Lili-Nagy@A\u0301da\u0301m-Polhodzik-100x100.jpg 100w, https:\/\/kinoderkunst.de\/wp-content\/uploads\/2020\/10\/Lili-Nagy@A\u0301da\u0301m-Polhodzik.jpg 756w\" sizes=\"(max-width: 300px) 100vw, 300px\" \/><figcaption id=\"caption-attachment-5109\" class=\"wp-caption-text\">Lili Nagy \u00a9 A\u0301da\u0301m Polhodzik<\/figcaption><\/figure>\n<p>Die Ungarin machte 2019 ihren Bachelor zu \u201ePhallokratie und weibliche Erz\u00e4hlstimmen\u201c. Besuch der Kunstakademie in Catania, Sizilien. Seither dreht sie Werbe- und Musikclips, Kurzfilme sowie Videos f\u00fcr Theaterauff\u00fchrungen. Ihr schlicht <em>Dance Film<\/em> benanntes Projekt ist inspiriert von Leben und Kunst der 2014 verstorbenen \u00f6sterreichischen Malerin Maria Lassnig, die ber\u00fchmt ist f\u00fcr ihre provokativ verzerrten Selbstportr\u00e4ts. In getanzten Szenen sollen Kindheit und Leben der K\u00fcnstlerin erz\u00e4hlt werden.<\/p>\n<h3>MASHA NOVIKOVA<\/h3>\n<p>Nominiert von der Akademie der Bildenden K\u00fcnste, M\u00fcnchen<\/p>\n<figure id=\"attachment_5111\" aria-describedby=\"caption-attachment-5111\" style=\"width: 300px\" class=\"wp-caption alignnone\"><img loading=\"lazy\" class=\"wp-image-5111\" src=\"http:\/\/kinoderkunst.de\/wp-content\/uploads\/2020\/10\/Masha-Novikova@Lingge-Dong.jpg\" alt=\"\" width=\"300\" height=\"405\" srcset=\"https:\/\/kinoderkunst.de\/wp-content\/uploads\/2020\/10\/Masha-Novikova@Lingge-Dong.jpg 570w, https:\/\/kinoderkunst.de\/wp-content\/uploads\/2020\/10\/Masha-Novikova@Lingge-Dong-222x300.jpg 222w, https:\/\/kinoderkunst.de\/wp-content\/uploads\/2020\/10\/Masha-Novikova@Lingge-Dong-74x100.jpg 74w\" sizes=\"(max-width: 300px) 100vw, 300px\" \/><figcaption id=\"caption-attachment-5111\" class=\"wp-caption-text\">Masha Novikova \u00a9 Lingge Dong<\/figcaption><\/figure>\n<p>Geb. 1989, absolvierte die Ukrainerin die Akademie der Bildenden K\u00fcnste M\u00fcnchen 2018 und zog nach London. Sie realisierte Videoinstallationen, darunter <em>Zwang<\/em> und die Kurzfilme <em>Behind the Noise Barrier<\/em> und <em>Hedgehog<\/em>. Als Abschlussfilm an der London Film School bereitet sie den Kurzfilm <em>Disillusion<\/em> vor, der von der Suche einer Mutter nach einer w\u00fcrdigen Beerdigung f\u00fcr ihren Sohn erz\u00e4hlt, der 2014 bei den prowestlichen Demonstrationen auf Kiews Platz der Unabh\u00e4ngigkeit ums Leben kam. Die m\u00fctterliche Trauer spiegelt sich im zerissenen Land.<\/p>\n<h3>JOSSE THURESSON &amp; KARIN KEISU<\/h3>\n<p>Nominiert von der Oslo National Academy of the Arts<\/p>\n<figure id=\"attachment_5107\" aria-describedby=\"caption-attachment-5107\" style=\"width: 300px\" class=\"wp-caption alignnone\"><img loading=\"lazy\" class=\"size-medium wp-image-5107\" src=\"http:\/\/kinoderkunst.de\/wp-content\/uploads\/2020\/10\/Karin-Keisu_Josse-Thuresson@Sofia-Runarsdotter-300x225.jpg\" alt=\"\" width=\"300\" height=\"225\" srcset=\"https:\/\/kinoderkunst.de\/wp-content\/uploads\/2020\/10\/Karin-Keisu_Josse-Thuresson@Sofia-Runarsdotter-300x225.jpg 300w, https:\/\/kinoderkunst.de\/wp-content\/uploads\/2020\/10\/Karin-Keisu_Josse-Thuresson@Sofia-Runarsdotter-768x576.jpg 768w, https:\/\/kinoderkunst.de\/wp-content\/uploads\/2020\/10\/Karin-Keisu_Josse-Thuresson@Sofia-Runarsdotter-1024x768.jpg 1024w, https:\/\/kinoderkunst.de\/wp-content\/uploads\/2020\/10\/Karin-Keisu_Josse-Thuresson@Sofia-Runarsdotter-2000x1500.jpg 2000w, https:\/\/kinoderkunst.de\/wp-content\/uploads\/2020\/10\/Karin-Keisu_Josse-Thuresson@Sofia-Runarsdotter-133x100.jpg 133w\" sizes=\"(max-width: 300px) 100vw, 300px\" \/><figcaption id=\"caption-attachment-5107\" class=\"wp-caption-text\">Karin Keisu_Josse Thuresson \u00a9 Sofia Runarsdotter<\/figcaption><\/figure>\n<p>Das schwedische K\u00fcnstlerduo Karin Keisu (geb. 1995) und Josse Thuresson (geb. 1992) absolvierte die Staatliche Kunstakademie Oslo. In Videoinstallationen wie <em>Perverse Temporalities<\/em> geht es um das spielerische Denunzieren der f\u00fcr Kapitalismus und Leistungsgesellschaft typischen Klischees. Ihr neues Projekt <em>My tongue is a 10 cm long Swedish flag<\/em> besteht aus zwei Teilen. Teil 1, basierend auf Found Footage, untersucht den Zusammenhang von heutigem Sprachgebrauch und dem historischen Erstarken von rechtem Nationalismus. In Teil 2 geht es um die Autorit\u00e4t der Umgangssprache gegen\u00fcber Minderheiten, deren eigene Kommunikationsform \u2013 egal ob Mutter- oder Zeichensprache \u2013 systematisch unterdr\u00fcckt wird.<\/p>\n","protected":false},"excerpt":{"rendered":"<p>BURAK \u00c7EVIK Nominiert von der Bilgi University, Istanbul Geb. 1993 in Istanbul. Filmstudium an der Istanbul Bilgi University. Sein zweiter Spielfilm Aidiyet (Belonging) und das Video A Topography of Memory wurden auf vielen internationalen Festivals, u. a. beim Berlinale Forum und dem New York Filmfestival, gezeigt. Sein neues fiktionales Langfilmprojekt All The Tired Horses h\u00e4lt [&hellip;]<\/p>\n","protected":false},"author":3,"featured_media":0,"parent":4889,"menu_order":19,"comment_status":"closed","ping_status":"closed","template":"","meta":[],"yoast_head":"<!-- This site is optimized with the Yoast SEO plugin v15.7 - https:\/\/yoast.com\/wordpress\/plugins\/seo\/ -->\n<title>Projekt Pitch Nominierte 2020 &ndash; Kino der Kunst<\/title>\n<meta name=\"robots\" content=\"index, follow, max-snippet:-1, max-image-preview:large, max-video-preview:-1\" \/>\n<link rel=\"canonical\" href=\"http:\/\/kinoderkunst.de\/de\/preise-kdk-20\/projekt-preis\/projekt-pitch-nominierte-2020\/\" \/>\n<meta property=\"og:locale\" content=\"de_DE\" \/>\n<meta property=\"og:type\" content=\"article\" \/>\n<meta property=\"og:title\" content=\"Projekt Pitch Nominierte 2020 &ndash; Kino der Kunst\" \/>\n<meta property=\"og:description\" content=\"BURAK \u00c7EVIK Nominiert von der Bilgi University, Istanbul Geb. 1993 in Istanbul. Filmstudium an der Istanbul Bilgi University. Sein zweiter Spielfilm Aidiyet (Belonging) und das Video A Topography of Memory wurden auf vielen internationalen Festivals, u. a. beim Berlinale Forum und dem New York Filmfestival, gezeigt. Sein neues fiktionales Langfilmprojekt All The Tired Horses h\u00e4lt [&hellip;]\" \/>\n<meta property=\"og:url\" content=\"http:\/\/kinoderkunst.de\/de\/preise-kdk-20\/projekt-preis\/projekt-pitch-nominierte-2020\/\" \/>\n<meta property=\"og:site_name\" content=\"Kino der Kunst\" \/>\n<meta property=\"article:publisher\" content=\"https:\/\/www.facebook.com\/KinoderKunst\/\" \/>\n<meta property=\"article:modified_time\" content=\"2020-10-20T16:05:16+00:00\" \/>\n<meta property=\"og:image\" content=\"http:\/\/kinoderkunst.de\/wp-content\/uploads\/2020\/10\/Burak-Cevik@Edze-Ali.png\" \/>\n<meta name=\"twitter:card\" content=\"summary_large_image\" \/>\n<meta name=\"twitter:site\" content=\"@kinoderkunst\" \/>\n<meta name=\"twitter:label1\" content=\"Gesch\u00e4tzte Lesezeit\">\n\t<meta name=\"twitter:data1\" content=\"5\u00a0Minuten\">\n<script type=\"application\/ld+json\" class=\"yoast-schema-graph\">{\"@context\":\"https:\/\/schema.org\",\"@graph\":[{\"@type\":\"WebSite\",\"@id\":\"https:\/\/kinoderkunst.de\/de\/#website\",\"url\":\"https:\/\/kinoderkunst.de\/de\/\",\"name\":\"Kino der Kunst\",\"description\":\"\",\"potentialAction\":[{\"@type\":\"SearchAction\",\"target\":\"https:\/\/kinoderkunst.de\/de\/?s={search_term_string}\",\"query-input\":\"required name=search_term_string\"}],\"inLanguage\":\"de\"},{\"@type\":\"ImageObject\",\"@id\":\"http:\/\/kinoderkunst.de\/de\/preise-kdk-20\/projekt-preis\/projekt-pitch-nominierte-2020\/#primaryimage\",\"inLanguage\":\"de\",\"url\":\"http:\/\/kinoderkunst.de\/wp-content\/uploads\/2020\/10\/Burak-Cevik@Edze-Ali.png\"},{\"@type\":\"WebPage\",\"@id\":\"http:\/\/kinoderkunst.de\/de\/preise-kdk-20\/projekt-preis\/projekt-pitch-nominierte-2020\/#webpage\",\"url\":\"http:\/\/kinoderkunst.de\/de\/preise-kdk-20\/projekt-preis\/projekt-pitch-nominierte-2020\/\",\"name\":\"Projekt Pitch Nominierte 2020 &ndash; Kino der Kunst\",\"isPartOf\":{\"@id\":\"https:\/\/kinoderkunst.de\/de\/#website\"},\"primaryImageOfPage\":{\"@id\":\"http:\/\/kinoderkunst.de\/de\/preise-kdk-20\/projekt-preis\/projekt-pitch-nominierte-2020\/#primaryimage\"},\"datePublished\":\"2020-10-05T13:39:52+00:00\",\"dateModified\":\"2020-10-20T16:05:16+00:00\",\"inLanguage\":\"de\",\"potentialAction\":[{\"@type\":\"ReadAction\",\"target\":[\"http:\/\/kinoderkunst.de\/de\/preise-kdk-20\/projekt-preis\/projekt-pitch-nominierte-2020\/\"]}]}]}<\/script>\n<!-- \/ Yoast SEO plugin. -->","_links":{"self":[{"href":"https:\/\/kinoderkunst.de\/de\/wp-json\/wp\/v2\/pages\/4966"}],"collection":[{"href":"https:\/\/kinoderkunst.de\/de\/wp-json\/wp\/v2\/pages"}],"about":[{"href":"https:\/\/kinoderkunst.de\/de\/wp-json\/wp\/v2\/types\/page"}],"author":[{"embeddable":true,"href":"https:\/\/kinoderkunst.de\/de\/wp-json\/wp\/v2\/users\/3"}],"replies":[{"embeddable":true,"href":"https:\/\/kinoderkunst.de\/de\/wp-json\/wp\/v2\/comments?post=4966"}],"version-history":[{"count":8,"href":"https:\/\/kinoderkunst.de\/de\/wp-json\/wp\/v2\/pages\/4966\/revisions"}],"predecessor-version":[{"id":5170,"href":"https:\/\/kinoderkunst.de\/de\/wp-json\/wp\/v2\/pages\/4966\/revisions\/5170"}],"up":[{"embeddable":true,"href":"https:\/\/kinoderkunst.de\/de\/wp-json\/wp\/v2\/pages\/4889"}],"wp:attachment":[{"href":"https:\/\/kinoderkunst.de\/de\/wp-json\/wp\/v2\/media?parent=4966"}],"curies":[{"name":"wp","href":"https:\/\/api.w.org\/{rel}","templated":true}]}}