{"id":4933,"date":"2020-10-03T14:31:54","date_gmt":"2020-10-03T12:31:54","guid":{"rendered":"http:\/\/kinoderkunst.de\/?page_id=4933"},"modified":"2020-10-06T06:54:32","modified_gmt":"2020-10-06T04:54:32","slug":"ausstellungsempfehlungen","status":"publish","type":"page","link":"https:\/\/kinoderkunst.de\/de\/programm-kdk-20\/ausstellungsempfehlungen\/","title":{"rendered":"Ausstellungsempfehlungen"},"content":{"rendered":"<div class=\"page\" title=\"Page 42\">\n<div class=\"section\">\n<div class=\"layoutArea\">\n<div class=\"column\">\n<h4><a href=\"http:\/\/kinoderkunst.de\/wp-content\/uploads\/2020\/10\/KDK_2020_Katalog_digital_final.pdf\">Beschreibungen aller Ausstellungen finden Sie im KINO DER KUNST Katalog ab S. 80<\/a><\/h4>\n<h4>ESPACE LOUIS VUITTON M\u00dcNCHEN<br \/>\nAnicka Yi | The Flavor Genome<br \/>\n<a href=\"https:\/\/kinoderkunst.de\/de\/preise\/preise-internationaler-wettbewerb\/\">KINO DER KUNST Preis f\u00fcr ein Medien\u00fcberschreitendes Gesamtwerk<\/a><\/h4>\n<p>\u00d6ffnungszeiten Mo\u2013Fr 12.00\u201319.00, Sa 10.00\u201319.00<br \/>\nAusstellung bis 10\/01\/21<br \/>\nMaximilianstra\u00dfe 2a | 80539 M\u00fcnchen<br \/>\n<a href=\"https:\/\/de.louisvuitton.com\/deu-de\/kunst\/espaces-louis-vuitton#munchen\" target=\"_blank\" rel=\"noopener noreferrer\">https:\/\/de.louisvuitton.com\/deu-de\/kunst\/espaces-louis-vuitton#munchen<\/a><\/p>\n<h4>SAMMLUNG GOETZ IM HAUS DER KUNST<br \/>\nCyrill Lachauer | I am not sea, I am not land<\/h4>\n<div class=\"page\" title=\"Page 44\">\n<div class=\"section\">\n<div class=\"layoutArea\">\n<div class=\"column\">\n<p>\u00d6ffnungszeiten Mo\/Mi\/So 10.00\u201318.00, Do 10.00-22.00 Fr\/Sa 10.00\u201320.00<br \/>\nAusstellung bis 11\/04\/21<br \/>\nPrinzregentenstra\u00dfe 1 | 80538 Mu\u0308nchen<br \/>\n<a href=\"https:\/\/hausderkunst.de\/ausstellungen\/cyrill-lachauer-sammlung-goetz\" target=\"_blank\" rel=\"noopener noreferrer\">hausderkunst.de<\/a><\/p>\n<\/div>\n<\/div>\n<\/div>\n<\/div>\n<h4>STA\u0308DTISCHE GALERIE IM LENBACHHAUS (MIT DER SAMMLUNG KICO)<br \/>\nDie Sonne um Mitternacht schauen<\/h4>\n<p>\u00d6ffnungszeiten Di\u2013So 10.00\u201318.00<br \/>\nAusstellung bis 01\/08\/21<br \/>\nLuisenstra\u00dfe 33 | 80333 Mu\u0308nchen<br \/>\n<a href=\"https:\/\/www.lenbachhaus.de\/entdecken\/ausstellungen\/detail\/die-sonne-um-mitternacht-schauen-155\" target=\"_blank\" rel=\"noopener noreferrer\">lenbachhaus.de<\/a><\/p>\n<h4>MUSEUM BRANDHORST<br \/>\nAnna McCarthy &amp; Paulina Nolte<br \/>\nLucy McKenzie &amp; Richard Kern<br \/>\nLucy McKenzie | Prime Suspect<\/h4>\n<p><strong><a href=\"https:\/\/www.youtube.com\/channel\/UClsLhjZ2u7_as2Dktxp2idg?view_as=subscriber\" target=\"_blank\" rel=\"noopener noreferrer\">Im Museum Brandhorst YouTube-Channel<\/a>:<\/strong><\/p>\n<p>Anna McCarthy &amp; Paulina Nolte<br \/>\nBLOODLESS BRANDHORST<br \/>\n2020, Digitales Video, Farbe, Ton, ca. 15 Min.<br \/>\nErnst von Siemens-Auditorium der Pinakothek der Moderne<br \/>\nFilmscreening im Vorprogramm zum Artist Talk<br \/>\nMi 28\/10, 19.00<\/p>\n<div class=\"page\" title=\"Page 46\">\n<div class=\"section\">\n<div class=\"layoutArea\">\n<div class=\"column\">\n<p>Lucy McKenzie &amp; Richard Kern<br \/>\nTHE GIRL WHO FOLLOWED MARPLE<br \/>\n2014, Digitales Video, Farbe, ohne Ton, 10 Min. Courtesy die Ku\u0308nstlerin und Cabinet, London<\/p>\n<\/div>\n<\/div>\n<\/div>\n<\/div>\n<div class=\"page\" title=\"Page 46\">\n<div class=\"section\">\n<div class=\"layoutArea\">\n<div class=\"column\">\n<p><strong>Ausstellung:<\/strong><br \/>\nLucy McKenzie | Prime Suspect<\/p>\n<p>\u00d6ffnungszeiten Di\u2013So 10.00\u201318.00, Do 10.00-20.00<br \/>\nAusstellung bis 21\/02\/21<br \/>\nTheresienstra\u00dfe 35a | 80333 Mu\u0308nchen<br \/>\n<a href=\"https:\/\/www.museum-brandhorst.de\/ausstellungen\/lucy-mckenzie\" target=\"_blank\" rel=\"noopener noreferrer\">museum-brandhorst.de<\/a><\/p>\n<\/div>\n<\/div>\n<\/div>\n<\/div>\n<h4>MUSEUM VILLA STUCK<br \/>\nMaya Schweizer | Stimmen<\/h4>\n<div class=\"page\" title=\"Page 47\">\n<div class=\"section\">\n<div class=\"layoutArea\">\n<div class=\"column\">\u00d6ffnungszeiten Di\u2013So 11.00\u201318.00<br \/>\nAusstellung bis 24\/01\/21<br \/>\nPrinzregentenstr. 60 | 81675 Mu\u0308nchen<br \/>\n<a href=\"https:\/\/www.villastuck.de\/ausstellungen\/2020\/schweizer\/index.htm\" target=\"_blank\" rel=\"noopener noreferrer\">villastuck.de<\/a><\/div>\n<\/div>\n<\/div>\n<\/div>\n<h4>KUNSTRAUM<br \/>\nLi Xiaofei<\/h4>\n<div class=\"page\" title=\"Page 47\">\n<div class=\"section\">\n<div class=\"layoutArea\">\n<div class=\"column\">\n<div class=\"page\" title=\"Page 47\">\n<div class=\"section\">\n<div class=\"layoutArea\">\n<div class=\"column\">\n<p>I am the People 1<br \/>\n2020, HD Video \/ PAL \/ Color \/ Sound, 25\u201912\u2019\u2019<\/p>\n<div class=\"page\" title=\"Page 47\">\n<div class=\"section\">\n<div class=\"layoutArea\">\n<div class=\"column\">\n<p>Filmvorf\u00fchrung Mi 28\/10 &amp; Do 29\/10 14.00\u201319.00<br \/>\nHolzstra\u00dfe 10 Rgb. | 80469 Mu\u0308nchen<br \/>\n<a href=\"http:\/\/kunstraum-muenchen.de\/archiv\/2020\/li-xiaofei-i-am-the-people-1\/\" target=\"_blank\" rel=\"noopener noreferrer\">kunstraum-muenchen.de<\/a><\/p>\n<\/div>\n<\/div>\n<\/div>\n<\/div>\n<\/div>\n<\/div>\n<\/div>\n<\/div>\n<\/div>\n<\/div>\n<\/div>\n<\/div>\n<h4>PINAKOTHEK DER MODERNE<br \/>\nMax Beckmann\/Omer Fast | Abfahrt<\/h4>\n<div class=\"page\" title=\"Page 48\">\n<div class=\"section\">\n<div class=\"layoutArea\">\n<div class=\"column\">\n<p>\u00d6ffnungszeiten Di\u2013So 10.00\u201318.00, Do 10.00\u201320.00<br \/>\nAusstellung bis 10\/01\/21<br \/>\nBarer Stra\u00dfe 40 | 80333 Mu\u0308nchen<br \/>\n<a href=\"https:\/\/www.pinakothek-der-moderne.de\/ausstellungen\/max-beckmann-omer-fast-abfahrt\/\" target=\"_blank\" rel=\"noopener noreferrer\">pinakothek-der-moderne.de<\/a><\/p>\n<h4>BNKR \u2013 current reflections on art and architecture<br \/>\nThe Architecture of Deception<\/h4>\n<div class=\"page\" title=\"Page 48\">\n<div class=\"section\">\n<div class=\"layoutArea\">\n<div class=\"column\">\n<p>\u00d6ffnungszeiten\u00a0Sa\u2013So 12.00\u201318.00<br \/>\nBitte buchen Sie ein Zeitticket unter <a href=\"https:\/\/www.bnkr.space\/besuch\/\" target=\"_blank\" rel=\"noopener noreferrer\">bnkr.space\/besuch<\/a><br \/>\nAusstellung bis 20\/12\/20<br \/>\nUngererstrasse 158 | 80805 Mu\u0308nchen<br \/>\n<a href=\"https:\/\/www.bnkr.space\/\" target=\"_blank\" rel=\"noopener noreferrer\">bnkr.space<\/a><\/p>\n<h4>KUNSTHALLE MU\u0308NCHEN<br \/>\nThierry Mugler | Couturissime<\/h4>\n<div class=\"page\" title=\"Page 49\">\n<div class=\"section\">\n<div class=\"layoutArea\">\n<div class=\"column\">\n<p>\u00d6ffnungszeiten t\u00e4gl. 10.00\u201320.00<br \/>\nAusstellung bis 28\/02\/21<br \/>\nTheatinerstr. 8 | 80333 Mu\u0308nchen<br \/>\n<a href=\"https:\/\/www.kunsthalle-muc.de\/ausstellungen\/details\/mugler\/\" target=\"_blank\" rel=\"noopener noreferrer\">kunsthalle-muc.de<\/a><\/p>\n<\/div>\n<\/div>\n<\/div>\n<\/div>\n<h4>MAXIMILIANSFORUM<br \/>\nPaul Valentin | Lamb Shift<\/h4>\n<div class=\"page\" title=\"Page 49\">\n<div class=\"section\">\n<div class=\"layoutArea\">\n<div class=\"column\">\u00d6ffnungszeiten\u00a024H\/7D<br \/>\nAusstellung bis 31\/01\/2021<br \/>\nUnterf\u00fchrung Maximilianstra\u00dfe\/Altstadtring<br \/>\nMaximilianstra\u00dfe 38 | 80539 Mu\u0308nchen<br \/>\n<a href=\"https:\/\/www.maximiliansforum.de\/de\/aktuell\/schaufenster\/?tx_ttnews%5Btt_news%5D=363&amp;cHash=a4f2343dd3f9893ed3cc3bda6527191c\" target=\"_blank\" rel=\"noopener noreferrer\">maximiliansforum.de<\/a><\/div>\n<\/div>\n<\/div>\n<\/div>\n<\/div>\n<\/div>\n<\/div>\n<\/div>\n<h4>NEUES MUSEUM NU\u0308RNBERG<br \/>\nKINO DER KUNST 2020 | Ausgew\u00e4hlte Highlights<\/h4>\n<p>Filmvorf\u00fchrungen 06\u201308\/11<br \/>\nLuitpoldstra\u00dfe 5 | Klarissenplatz | 90402 Nu\u0308rnberg<br \/>\n<a href=\"https:\/\/www.nmn.de\/de\/programm\/veranstaltungen\/musik-events\/kino-der-kunst-2020.htm\" target=\"_blank\" rel=\"noopener noreferrer\">nmn.de<\/a><\/p>\n<\/div>\n<\/div>\n<\/div>\n<\/div>\n<\/div>\n<\/div>\n<\/div>\n<\/div>\n","protected":false},"excerpt":{"rendered":"<p>Beschreibungen aller Ausstellungen finden Sie im KINO DER KUNST Katalog ab S. 80 ESPACE LOUIS VUITTON M\u00dcNCHEN Anicka Yi | The Flavor Genome KINO DER KUNST Preis f\u00fcr ein Medien\u00fcberschreitendes Gesamtwerk \u00d6ffnungszeiten Mo\u2013Fr 12.00\u201319.00, Sa 10.00\u201319.00 Ausstellung bis 10\/01\/21 Maximilianstra\u00dfe 2a | 80539 M\u00fcnchen https:\/\/de.louisvuitton.com\/deu-de\/kunst\/espaces-louis-vuitton#munchen SAMMLUNG GOETZ IM HAUS DER KUNST Cyrill Lachauer | I [&hellip;]<\/p>\n","protected":false},"author":3,"featured_media":0,"parent":976,"menu_order":21,"comment_status":"closed","ping_status":"closed","template":"","meta":[],"yoast_head":"<!-- This site is optimized with the Yoast SEO plugin v15.7 - https:\/\/yoast.com\/wordpress\/plugins\/seo\/ -->\n<title>Ausstellungsempfehlungen &ndash; Kino der Kunst<\/title>\n<meta name=\"robots\" content=\"index, follow, max-snippet:-1, max-image-preview:large, max-video-preview:-1\" \/>\n<link rel=\"canonical\" href=\"http:\/\/kinoderkunst.de\/de\/programm-kdk-20\/ausstellungsempfehlungen\/\" \/>\n<meta property=\"og:locale\" content=\"de_DE\" \/>\n<meta property=\"og:type\" content=\"article\" \/>\n<meta property=\"og:title\" content=\"Ausstellungsempfehlungen &ndash; Kino der Kunst\" \/>\n<meta property=\"og:description\" content=\"Beschreibungen aller Ausstellungen finden Sie im KINO DER KUNST Katalog ab S. 80 ESPACE LOUIS VUITTON M\u00dcNCHEN Anicka Yi | The Flavor Genome KINO DER KUNST Preis f\u00fcr ein Medien\u00fcberschreitendes Gesamtwerk \u00d6ffnungszeiten Mo\u2013Fr 12.00\u201319.00, Sa 10.00\u201319.00 Ausstellung bis 10\/01\/21 Maximilianstra\u00dfe 2a | 80539 M\u00fcnchen https:\/\/de.louisvuitton.com\/deu-de\/kunst\/espaces-louis-vuitton#munchen SAMMLUNG GOETZ IM HAUS DER KUNST Cyrill Lachauer | I [&hellip;]\" \/>\n<meta property=\"og:url\" content=\"http:\/\/kinoderkunst.de\/de\/programm-kdk-20\/ausstellungsempfehlungen\/\" \/>\n<meta property=\"og:site_name\" content=\"Kino der Kunst\" \/>\n<meta property=\"article:publisher\" content=\"https:\/\/www.facebook.com\/KinoderKunst\/\" \/>\n<meta property=\"article:modified_time\" content=\"2020-10-06T04:54:32+00:00\" \/>\n<meta name=\"twitter:card\" content=\"summary_large_image\" \/>\n<meta name=\"twitter:site\" content=\"@kinoderkunst\" \/>\n<meta name=\"twitter:label1\" content=\"Gesch\u00e4tzte Lesezeit\">\n\t<meta name=\"twitter:data1\" content=\"2\u00a0Minuten\">\n<script type=\"application\/ld+json\" class=\"yoast-schema-graph\">{\"@context\":\"https:\/\/schema.org\",\"@graph\":[{\"@type\":\"WebSite\",\"@id\":\"https:\/\/kinoderkunst.de\/de\/#website\",\"url\":\"https:\/\/kinoderkunst.de\/de\/\",\"name\":\"Kino der Kunst\",\"description\":\"\",\"potentialAction\":[{\"@type\":\"SearchAction\",\"target\":\"https:\/\/kinoderkunst.de\/de\/?s={search_term_string}\",\"query-input\":\"required name=search_term_string\"}],\"inLanguage\":\"de\"},{\"@type\":\"WebPage\",\"@id\":\"http:\/\/kinoderkunst.de\/de\/programm-kdk-20\/ausstellungsempfehlungen\/#webpage\",\"url\":\"http:\/\/kinoderkunst.de\/de\/programm-kdk-20\/ausstellungsempfehlungen\/\",\"name\":\"Ausstellungsempfehlungen &ndash; Kino der Kunst\",\"isPartOf\":{\"@id\":\"https:\/\/kinoderkunst.de\/de\/#website\"},\"datePublished\":\"2020-10-03T12:31:54+00:00\",\"dateModified\":\"2020-10-06T04:54:32+00:00\",\"inLanguage\":\"de\",\"potentialAction\":[{\"@type\":\"ReadAction\",\"target\":[\"http:\/\/kinoderkunst.de\/de\/programm-kdk-20\/ausstellungsempfehlungen\/\"]}]}]}<\/script>\n<!-- \/ Yoast SEO plugin. -->","_links":{"self":[{"href":"https:\/\/kinoderkunst.de\/de\/wp-json\/wp\/v2\/pages\/4933"}],"collection":[{"href":"https:\/\/kinoderkunst.de\/de\/wp-json\/wp\/v2\/pages"}],"about":[{"href":"https:\/\/kinoderkunst.de\/de\/wp-json\/wp\/v2\/types\/page"}],"author":[{"embeddable":true,"href":"https:\/\/kinoderkunst.de\/de\/wp-json\/wp\/v2\/users\/3"}],"replies":[{"embeddable":true,"href":"https:\/\/kinoderkunst.de\/de\/wp-json\/wp\/v2\/comments?post=4933"}],"version-history":[{"count":6,"href":"https:\/\/kinoderkunst.de\/de\/wp-json\/wp\/v2\/pages\/4933\/revisions"}],"predecessor-version":[{"id":4986,"href":"https:\/\/kinoderkunst.de\/de\/wp-json\/wp\/v2\/pages\/4933\/revisions\/4986"}],"up":[{"embeddable":true,"href":"https:\/\/kinoderkunst.de\/de\/wp-json\/wp\/v2\/pages\/976"}],"wp:attachment":[{"href":"https:\/\/kinoderkunst.de\/de\/wp-json\/wp\/v2\/media?parent=4933"}],"curies":[{"name":"wp","href":"https:\/\/api.w.org\/{rel}","templated":true}]}}