{"id":4889,"date":"2020-10-02T21:01:09","date_gmt":"2020-10-02T19:01:09","guid":{"rendered":"http:\/\/kinoderkunst.de\/?page_id=4889"},"modified":"2020-11-03T17:11:14","modified_gmt":"2020-11-03T16:11:14","slug":"projekt-preis","status":"publish","type":"page","link":"https:\/\/kinoderkunst.de\/de\/preise-kdk-20\/projekt-preis\/","title":{"rendered":"Projekt Preis 2020"},"content":{"rendered":"<h3 class=\"cd\">KINO DER KUNST PROJEKT PREIS 2020<\/h3>\n<p>dotiert mit 5.000 Euro<\/p>\n<p>geht an<\/p>\n<p><a href=\"https:\/\/kinoderkunst.de\/de\/preise\/projekt-preis\/projekt-pitch-nominierte-2020\/\"> <strong>Josse Thuresson &amp; Karin Keisu<\/strong> <\/a><strong>f\u00fcr &#8222;My tongue is a 10 cm long Swedish flag&#8220; <\/strong><\/p>\n<p>Der KINO DER KUNST Projekt Preis hilft jungen europ\u00e4ischen K\u00fcnstlern und Filmemachern bei der Produktion einer neuen ein- oder mehrkanaligen Arbeit, die \u00fcber die Grenzen des herk\u00f6mmlichen narrativen Films hinausgeht und neue Erz\u00e4hlweisen erprobt. Acht K\u00fcnstlerinnen und K\u00fcnstler aus ganz Europa wurden von renommierten Hochschulen f\u00fcr den Projekt Preis vorgeschlagen.<\/p>\n<p><strong>Ausgew\u00e4hlt wurden Nominierte der<\/strong><br \/>\nBilgi University, Istanbul<br \/>\nUniversit\u00e4t der K\u00fcnste, Berlin<br \/>\nHochschule f\u00fcr Fernsehen und Film, M\u00fcnchen<br \/>\nAkademie der Bildenden K\u00fcnste, M\u00fcnchen<br \/>\nLe Fresnoy, Tourcoing<br \/>\nUniversity of Theater and Film Arts, Budapest<br \/>\nOslo National Academy of the Arts<\/p>\n","protected":false},"excerpt":{"rendered":"<p>KINO DER KUNST PROJEKT PREIS 2020 dotiert mit 5.000 Euro geht an Josse Thuresson &amp; Karin Keisu f\u00fcr &#8222;My tongue is a 10 cm long Swedish flag&#8220; Der KINO DER KUNST Projekt Preis hilft jungen europ\u00e4ischen K\u00fcnstlern und Filmemachern bei der Produktion einer neuen ein- oder mehrkanaligen Arbeit, die \u00fcber die Grenzen des herk\u00f6mmlichen narrativen [&hellip;]<\/p>\n","protected":false},"author":3,"featured_media":0,"parent":920,"menu_order":26,"comment_status":"closed","ping_status":"closed","template":"","meta":[],"yoast_head":"<!-- This site is optimized with the Yoast SEO plugin v15.7 - https:\/\/yoast.com\/wordpress\/plugins\/seo\/ -->\n<title>Projekt Preis 2020 &ndash; Kino der Kunst<\/title>\n<meta name=\"robots\" content=\"index, follow, max-snippet:-1, max-image-preview:large, max-video-preview:-1\" \/>\n<link rel=\"canonical\" href=\"http:\/\/kinoderkunst.de\/de\/preise-kdk-20\/projekt-preis\/\" \/>\n<meta property=\"og:locale\" content=\"de_DE\" \/>\n<meta property=\"og:type\" content=\"article\" \/>\n<meta property=\"og:title\" content=\"Projekt Preis 2020 &ndash; Kino der Kunst\" \/>\n<meta property=\"og:description\" content=\"KINO DER KUNST PROJEKT PREIS 2020 dotiert mit 5.000 Euro geht an Josse Thuresson &amp; Karin Keisu f\u00fcr &#8222;My tongue is a 10 cm long Swedish flag&#8220; Der KINO DER KUNST Projekt Preis hilft jungen europ\u00e4ischen K\u00fcnstlern und Filmemachern bei der Produktion einer neuen ein- oder mehrkanaligen Arbeit, die \u00fcber die Grenzen des herk\u00f6mmlichen narrativen [&hellip;]\" \/>\n<meta property=\"og:url\" content=\"http:\/\/kinoderkunst.de\/de\/preise-kdk-20\/projekt-preis\/\" \/>\n<meta property=\"og:site_name\" content=\"Kino der Kunst\" \/>\n<meta property=\"article:publisher\" content=\"https:\/\/www.facebook.com\/KinoderKunst\/\" \/>\n<meta property=\"article:modified_time\" content=\"2020-11-03T16:11:14+00:00\" \/>\n<meta name=\"twitter:card\" content=\"summary_large_image\" \/>\n<meta name=\"twitter:site\" content=\"@kinoderkunst\" \/>\n<meta name=\"twitter:label1\" content=\"Gesch\u00e4tzte Lesezeit\">\n\t<meta name=\"twitter:data1\" content=\"1\u00a0Minute\">\n<script type=\"application\/ld+json\" class=\"yoast-schema-graph\">{\"@context\":\"https:\/\/schema.org\",\"@graph\":[{\"@type\":\"WebSite\",\"@id\":\"https:\/\/kinoderkunst.de\/de\/#website\",\"url\":\"https:\/\/kinoderkunst.de\/de\/\",\"name\":\"Kino der Kunst\",\"description\":\"\",\"potentialAction\":[{\"@type\":\"SearchAction\",\"target\":\"https:\/\/kinoderkunst.de\/de\/?s={search_term_string}\",\"query-input\":\"required name=search_term_string\"}],\"inLanguage\":\"de\"},{\"@type\":\"WebPage\",\"@id\":\"http:\/\/kinoderkunst.de\/de\/preise-kdk-20\/projekt-preis\/#webpage\",\"url\":\"http:\/\/kinoderkunst.de\/de\/preise-kdk-20\/projekt-preis\/\",\"name\":\"Projekt Preis 2020 &ndash; Kino der Kunst\",\"isPartOf\":{\"@id\":\"https:\/\/kinoderkunst.de\/de\/#website\"},\"datePublished\":\"2020-10-02T19:01:09+00:00\",\"dateModified\":\"2020-11-03T16:11:14+00:00\",\"inLanguage\":\"de\",\"potentialAction\":[{\"@type\":\"ReadAction\",\"target\":[\"http:\/\/kinoderkunst.de\/de\/preise-kdk-20\/projekt-preis\/\"]}]}]}<\/script>\n<!-- \/ Yoast SEO plugin. -->","_links":{"self":[{"href":"https:\/\/kinoderkunst.de\/de\/wp-json\/wp\/v2\/pages\/4889"}],"collection":[{"href":"https:\/\/kinoderkunst.de\/de\/wp-json\/wp\/v2\/pages"}],"about":[{"href":"https:\/\/kinoderkunst.de\/de\/wp-json\/wp\/v2\/types\/page"}],"author":[{"embeddable":true,"href":"https:\/\/kinoderkunst.de\/de\/wp-json\/wp\/v2\/users\/3"}],"replies":[{"embeddable":true,"href":"https:\/\/kinoderkunst.de\/de\/wp-json\/wp\/v2\/comments?post=4889"}],"version-history":[{"count":5,"href":"https:\/\/kinoderkunst.de\/de\/wp-json\/wp\/v2\/pages\/4889\/revisions"}],"predecessor-version":[{"id":5243,"href":"https:\/\/kinoderkunst.de\/de\/wp-json\/wp\/v2\/pages\/4889\/revisions\/5243"}],"up":[{"embeddable":true,"href":"https:\/\/kinoderkunst.de\/de\/wp-json\/wp\/v2\/pages\/920"}],"wp:attachment":[{"href":"https:\/\/kinoderkunst.de\/de\/wp-json\/wp\/v2\/media?parent=4889"}],"curies":[{"name":"wp","href":"https:\/\/api.w.org\/{rel}","templated":true}]}}