{"id":4883,"date":"2020-10-02T19:32:11","date_gmt":"2020-10-02T17:32:11","guid":{"rendered":"http:\/\/kinoderkunst.de\/?page_id=4883"},"modified":"2020-11-03T17:07:36","modified_gmt":"2020-11-03T16:07:36","slug":"preise-internationaler-wettbewerb","status":"publish","type":"page","link":"https:\/\/kinoderkunst.de\/de\/preise-kdk-20\/preise-internationaler-wettbewerb\/","title":{"rendered":"Preise Internationaler Wettbewerb 2020"},"content":{"rendered":"<h3>HAUPTPREIS KINO DER KUNST<\/h3>\n<h4>KATEGORIE LANGFILM<br \/>\nINTERNATIONALER WETTBEWERB<\/h4>\n<p>10.000 Euro<br \/>\ngestiftet von der Kunststiftung Ingvild und Stephan Goetz<\/p>\n<p>geht an<\/p>\n<p><a href=\"http:\/\/kinoderkunst.de\/de\/artist\/slim-ala-eddine\/\"><strong>&#8222;Tlamess&#8220; von Ala Eddine Slim<\/strong><\/a><\/p>\n<h4>KATEGORIE KURZFILM<br \/>\nINTERNATIONALER WETTBEWERB<\/h4>\n<p>10.000 Euro<br \/>\ngestiftet von der Biehler von Dorrer Stiftung<\/p>\n<p>geht an<\/p>\n<p><a href=\"http:\/\/kinoderkunst.de\/de\/artist\/patel-hetain\/\"><strong>&#8222;Don&#8217;t Look At The Finger&#8220; von Hetain Patel<\/strong><\/a><\/p>\n<h3 class=\"cd\">PREIS F\u00dcR EIN MEDIEN\u00dcBERSCHREITENDES GESAMTWERK<\/h3>\n<p>10.000 Euro<br \/>\ngestiftet von Louis Vuitton<\/p>\n<p>Der Preis f\u00fcr ein Medien\u00fcberschreitendes Gesamtwerk geht dieses Jahr an die S\u00fcdkoreanerin <strong>Anicka Yi<\/strong>. Der <a href=\"https:\/\/de.louisvuitton.com\/deu-de\/kunst\/espaces-louis-vuitton#munchen\">Espace Louis Vuitton in M\u00fcnchen<\/a> pr\u00e4sentiert die K\u00fcnstlerin mit ihrem\u00a0 3D-Film &#8222;The Flavor Genome&#8220;.<\/p>\n<p>Ausstellung bis 10\/01\/21<br \/>\n\u00d6ffnungszeiten Mo\u2013Fr 12.00\u201319.00 Sa 10.00\u201319.00<br \/>\nMaximilianstra\u00dfe 2a | 80539 M\u00fcnchen<\/p>\n","protected":false},"excerpt":{"rendered":"<p>HAUPTPREIS KINO DER KUNST KATEGORIE LANGFILM INTERNATIONALER WETTBEWERB 10.000 Euro gestiftet von der Kunststiftung Ingvild und Stephan Goetz geht an &#8222;Tlamess&#8220; von Ala Eddine Slim KATEGORIE KURZFILM INTERNATIONALER WETTBEWERB 10.000 Euro gestiftet von der Biehler von Dorrer Stiftung geht an &#8222;Don&#8217;t Look At The Finger&#8220; von Hetain Patel PREIS F\u00dcR EIN MEDIEN\u00dcBERSCHREITENDES GESAMTWERK 10.000 Euro [&hellip;]<\/p>\n","protected":false},"author":3,"featured_media":0,"parent":920,"menu_order":27,"comment_status":"closed","ping_status":"closed","template":"","meta":[],"yoast_head":"<!-- This site is optimized with the Yoast SEO plugin v15.7 - https:\/\/yoast.com\/wordpress\/plugins\/seo\/ -->\n<title>Preise Internationaler Wettbewerb 2020 &ndash; Kino der Kunst<\/title>\n<meta name=\"robots\" content=\"index, follow, max-snippet:-1, max-image-preview:large, max-video-preview:-1\" \/>\n<link rel=\"canonical\" href=\"http:\/\/kinoderkunst.de\/de\/preise-kdk-20\/preise-internationaler-wettbewerb\/\" \/>\n<meta property=\"og:locale\" content=\"de_DE\" \/>\n<meta property=\"og:type\" content=\"article\" \/>\n<meta property=\"og:title\" content=\"Preise Internationaler Wettbewerb 2020 &ndash; Kino der Kunst\" \/>\n<meta property=\"og:description\" content=\"HAUPTPREIS KINO DER KUNST KATEGORIE LANGFILM INTERNATIONALER WETTBEWERB 10.000 Euro gestiftet von der Kunststiftung Ingvild und Stephan Goetz geht an &#8222;Tlamess&#8220; von Ala Eddine Slim KATEGORIE KURZFILM INTERNATIONALER WETTBEWERB 10.000 Euro gestiftet von der Biehler von Dorrer Stiftung geht an &#8222;Don&#8217;t Look At The Finger&#8220; von Hetain Patel PREIS F\u00dcR EIN MEDIEN\u00dcBERSCHREITENDES GESAMTWERK 10.000 Euro [&hellip;]\" \/>\n<meta property=\"og:url\" content=\"http:\/\/kinoderkunst.de\/de\/preise-kdk-20\/preise-internationaler-wettbewerb\/\" \/>\n<meta property=\"og:site_name\" content=\"Kino der Kunst\" \/>\n<meta property=\"article:publisher\" content=\"https:\/\/www.facebook.com\/KinoderKunst\/\" \/>\n<meta property=\"article:modified_time\" content=\"2020-11-03T16:07:36+00:00\" \/>\n<meta name=\"twitter:card\" content=\"summary_large_image\" \/>\n<meta name=\"twitter:site\" content=\"@kinoderkunst\" \/>\n<meta name=\"twitter:label1\" content=\"Gesch\u00e4tzte Lesezeit\">\n\t<meta name=\"twitter:data1\" content=\"1\u00a0Minute\">\n<script type=\"application\/ld+json\" class=\"yoast-schema-graph\">{\"@context\":\"https:\/\/schema.org\",\"@graph\":[{\"@type\":\"WebSite\",\"@id\":\"https:\/\/kinoderkunst.de\/de\/#website\",\"url\":\"https:\/\/kinoderkunst.de\/de\/\",\"name\":\"Kino der Kunst\",\"description\":\"\",\"potentialAction\":[{\"@type\":\"SearchAction\",\"target\":\"https:\/\/kinoderkunst.de\/de\/?s={search_term_string}\",\"query-input\":\"required name=search_term_string\"}],\"inLanguage\":\"de\"},{\"@type\":\"WebPage\",\"@id\":\"http:\/\/kinoderkunst.de\/de\/preise-kdk-20\/preise-internationaler-wettbewerb\/#webpage\",\"url\":\"http:\/\/kinoderkunst.de\/de\/preise-kdk-20\/preise-internationaler-wettbewerb\/\",\"name\":\"Preise Internationaler Wettbewerb 2020 &ndash; Kino der Kunst\",\"isPartOf\":{\"@id\":\"https:\/\/kinoderkunst.de\/de\/#website\"},\"datePublished\":\"2020-10-02T17:32:11+00:00\",\"dateModified\":\"2020-11-03T16:07:36+00:00\",\"inLanguage\":\"de\",\"potentialAction\":[{\"@type\":\"ReadAction\",\"target\":[\"http:\/\/kinoderkunst.de\/de\/preise-kdk-20\/preise-internationaler-wettbewerb\/\"]}]}]}<\/script>\n<!-- \/ Yoast SEO plugin. -->","_links":{"self":[{"href":"https:\/\/kinoderkunst.de\/de\/wp-json\/wp\/v2\/pages\/4883"}],"collection":[{"href":"https:\/\/kinoderkunst.de\/de\/wp-json\/wp\/v2\/pages"}],"about":[{"href":"https:\/\/kinoderkunst.de\/de\/wp-json\/wp\/v2\/types\/page"}],"author":[{"embeddable":true,"href":"https:\/\/kinoderkunst.de\/de\/wp-json\/wp\/v2\/users\/3"}],"replies":[{"embeddable":true,"href":"https:\/\/kinoderkunst.de\/de\/wp-json\/wp\/v2\/comments?post=4883"}],"version-history":[{"count":10,"href":"https:\/\/kinoderkunst.de\/de\/wp-json\/wp\/v2\/pages\/4883\/revisions"}],"predecessor-version":[{"id":5241,"href":"https:\/\/kinoderkunst.de\/de\/wp-json\/wp\/v2\/pages\/4883\/revisions\/5241"}],"up":[{"embeddable":true,"href":"https:\/\/kinoderkunst.de\/de\/wp-json\/wp\/v2\/pages\/920"}],"wp:attachment":[{"href":"https:\/\/kinoderkunst.de\/de\/wp-json\/wp\/v2\/media?parent=4883"}],"curies":[{"name":"wp","href":"https:\/\/api.w.org\/{rel}","templated":true}]}}