{"id":4601,"date":"2020-09-28T20:09:41","date_gmt":"2020-09-28T18:09:41","guid":{"rendered":"http:\/\/kinoderkunst.de\/?page_id=4601"},"modified":"2020-10-27T11:42:29","modified_gmt":"2020-10-27T10:42:29","slug":"artist-talks-2020","status":"publish","type":"page","link":"https:\/\/kinoderkunst.de\/de\/programm-kdk-20\/artist-talks-2020\/","title":{"rendered":"Artist Talks 2020"},"content":{"rendered":"<div class=\"page\" title=\"Page 37\">\n<div class=\"section\">\n<div class=\"layoutArea\">\n<div class=\"column\">\n<p>Artist Talks mit prominenten G\u00e4sten von KINO DER KUNST:<br \/>\n<strong>Luca Guadagnino<\/strong>, <a href=\"https:\/\/kinoderkunst.de\/de\/jury\/\">Pr\u00e4sident der Internationalen Jury 2020<\/a>, <strong>Omer Fast<\/strong>, K\u00fcnstler im <a href=\"https:\/\/kinoderkunst.de\/de\/programm\/internationaler-wettbewerb\/\">Internationalen Wettbewerb 2020<\/a>, <strong>Camille Henrot<\/strong>, <a href=\"https:\/\/kinoderkunst.de\/de\/jury\/\">Mitglied der Internationalen Jury 2020<\/a> und <span class=\"st\"><strong>Halil Alt\u0131ndere<\/strong>, <a href=\"https:\/\/kinoderkunst.de\/de\/programm\/internationaler-wettbewerb\/\">K\u00fcnstler im Internationale Wettbewerb<\/a>.<\/span><\/p>\n<p>Ernst von Siemens Auditorium der Pinakothek der Moderne Barer Str. 40 | 80333 Mu\u0308nchen<br \/>\nDer Eintritt ist frei. Einlass nur mit Tickets. Tickets unter kinoderkunst.de\/tickets (ab 5.10.2020)<br \/>\n<strong><br \/>\nArtist Talks im Live Stream:<\/strong><br \/>\n<a href=\"https:\/\/www.youtube.com\/channel\/UClsLhjZ2u7_as2Dktxp2idg\" target=\"_blank\" rel=\"noopener noreferrer\">Museum Brandhorst YouTube-Kanal<\/a><br \/>\nkinoderkunst.de\/online-events (27.10.-1.11.2020)<\/p>\n<h3>Mi 28\/10\/20, 19.00<\/h3>\n<div class=\"page\" title=\"Page 37\">\n<div class=\"section\">\n<div class=\"layoutArea\">\n<div class=\"column\">\n<div class=\"page\" title=\"Page 37\">\n<div class=\"section\">\n<div class=\"layoutArea\">\n<div class=\"column\">\n<h3><strong>Anna McCarthy und Paulina Nolte: BLOODLESS (2019-2020) (K\u00fcnstlerinnen-Mini-Serie)<\/strong><\/h3>\n<p>Leicht entr\u00fcckt und in Bonbonfarben getaucht reagieren die M\u00fcnchner K\u00fcnstlerinnen Anna McCarthy und Paulina Nolte in ihrer vegetarischen Fernsehserie BLOODLESS mit d\u00fcsteren und trocken erz\u00e4hlten Geschichten auf Zerrbilder der Gegenwart. Anl\u00e4sslich der Premiere von BLOODLESS POOL und BLOODLESS BRANDHORST werden alle drei Teile am Abend gezeigt.<br \/>\nDie K\u00fcnstlerinnen sind anwesend.<br \/>\n<a href=\"http:\/\/kinoderkunst.de\/de\/anna-mccarthy-und-paulina-nolte-bloodless-2019-2020\">Mehr Informationen zu den einzelnen Episoden<\/a><\/p>\n<div class=\"page\" title=\"Page 37\">\n<div class=\"section\">\n<div class=\"layoutArea\">\n<div class=\"column\">\n<h3>DO 29\/10, 19.00<br \/>\nOMER FAST<\/h3>\n<p>Im Gespra\u0308ch mit Michael Hering (Direktor der Staatlichen Graphischen Sammlung Mu\u0308nchen) (ohne Live Stream)<br \/>\nIn Kooperation mit der Pinakothek der Moderne, Staatliche Graphische Sammlung Mu\u0308nchen<\/p>\n<div class=\"page\" title=\"Page 37\">\n<div class=\"section\">\n<div class=\"layoutArea\">\n<div class=\"column\">\n<div class=\"page\" title=\"Page 37\">\n<div class=\"section\">\n<div class=\"layoutArea\">\n<div class=\"column\">\n<h3>Fr 30\/10, 19.00<br \/>\nCAMILLE HENROT<\/h3>\n<p>In Kooperation mit dem Museum Brandhorst<\/p>\n<div class=\"page\" title=\"Page 37\">\n<div class=\"section\">\n<div class=\"layoutArea\">\n<div class=\"column\">\n<h3>Sa 31\/10, 19.00<\/h3>\n<h3>LUCA GUADAGNINO<\/h3>\n<div class=\"page\" title=\"Page 37\">\n<div class=\"section\">\n<div class=\"layoutArea\">\n<div class=\"column\">\n<p>Im Gespra\u0308ch mit Andrea Lissoni (ku\u0308nstlerischer Leiter, Haus der Kunst)<br \/>\nIn Kooperation mit dem Museum Brandhorst<\/p>\n<\/div>\n<\/div>\n<\/div>\n<\/div>\n<\/div>\n<\/div>\n<\/div>\n<\/div>\n<\/div>\n<\/div>\n<\/div>\n<\/div>\n<\/div>\n<\/div>\n<\/div>\n<\/div>\n<\/div>\n<\/div>\n<\/div>\n<\/div>\n<\/div>\n<\/div>\n<\/div>\n<\/div>\n<\/div>\n<\/div>\n<\/div>\n<\/div>\n<\/div>\n<\/div>\n<\/div>\n<\/div>\n","protected":false},"excerpt":{"rendered":"<p>Artist Talks mit prominenten G\u00e4sten von KINO DER KUNST: Luca Guadagnino, Pr\u00e4sident der Internationalen Jury 2020, Omer Fast, K\u00fcnstler im Internationalen Wettbewerb 2020, Camille Henrot, Mitglied der Internationalen Jury 2020 und Halil Alt\u0131ndere, K\u00fcnstler im Internationale Wettbewerb. Ernst von Siemens Auditorium der Pinakothek der Moderne Barer Str. 40 | 80333 Mu\u0308nchen Der Eintritt ist frei. [&hellip;]<\/p>\n","protected":false},"author":3,"featured_media":0,"parent":976,"menu_order":33,"comment_status":"closed","ping_status":"closed","template":"","meta":[],"yoast_head":"<!-- This site is optimized with the Yoast SEO plugin v15.7 - https:\/\/yoast.com\/wordpress\/plugins\/seo\/ -->\n<title>Artist Talks 2020 &ndash; Kino der Kunst<\/title>\n<meta name=\"robots\" content=\"index, follow, max-snippet:-1, max-image-preview:large, max-video-preview:-1\" \/>\n<link rel=\"canonical\" href=\"http:\/\/kinoderkunst.de\/de\/programm-kdk-20\/artist-talks-2020\/\" \/>\n<meta property=\"og:locale\" content=\"de_DE\" \/>\n<meta property=\"og:type\" content=\"article\" \/>\n<meta property=\"og:title\" content=\"Artist Talks 2020 &ndash; Kino der Kunst\" \/>\n<meta property=\"og:description\" content=\"Artist Talks mit prominenten G\u00e4sten von KINO DER KUNST: Luca Guadagnino, Pr\u00e4sident der Internationalen Jury 2020, Omer Fast, K\u00fcnstler im Internationalen Wettbewerb 2020, Camille Henrot, Mitglied der Internationalen Jury 2020 und Halil Alt\u0131ndere, K\u00fcnstler im Internationale Wettbewerb. Ernst von Siemens Auditorium der Pinakothek der Moderne Barer Str. 40 | 80333 Mu\u0308nchen Der Eintritt ist frei. [&hellip;]\" \/>\n<meta property=\"og:url\" content=\"http:\/\/kinoderkunst.de\/de\/programm-kdk-20\/artist-talks-2020\/\" \/>\n<meta property=\"og:site_name\" content=\"Kino der Kunst\" \/>\n<meta property=\"article:publisher\" content=\"https:\/\/www.facebook.com\/KinoderKunst\/\" \/>\n<meta property=\"article:modified_time\" content=\"2020-10-27T10:42:29+00:00\" \/>\n<meta name=\"twitter:card\" content=\"summary_large_image\" \/>\n<meta name=\"twitter:site\" content=\"@kinoderkunst\" \/>\n<meta name=\"twitter:label1\" content=\"Gesch\u00e4tzte Lesezeit\">\n\t<meta name=\"twitter:data1\" content=\"1\u00a0Minute\">\n<script type=\"application\/ld+json\" class=\"yoast-schema-graph\">{\"@context\":\"https:\/\/schema.org\",\"@graph\":[{\"@type\":\"WebSite\",\"@id\":\"https:\/\/kinoderkunst.de\/de\/#website\",\"url\":\"https:\/\/kinoderkunst.de\/de\/\",\"name\":\"Kino der Kunst\",\"description\":\"\",\"potentialAction\":[{\"@type\":\"SearchAction\",\"target\":\"https:\/\/kinoderkunst.de\/de\/?s={search_term_string}\",\"query-input\":\"required name=search_term_string\"}],\"inLanguage\":\"de\"},{\"@type\":\"WebPage\",\"@id\":\"http:\/\/kinoderkunst.de\/de\/programm-kdk-20\/artist-talks-2020\/#webpage\",\"url\":\"http:\/\/kinoderkunst.de\/de\/programm-kdk-20\/artist-talks-2020\/\",\"name\":\"Artist Talks 2020 &ndash; Kino der Kunst\",\"isPartOf\":{\"@id\":\"https:\/\/kinoderkunst.de\/de\/#website\"},\"datePublished\":\"2020-09-28T18:09:41+00:00\",\"dateModified\":\"2020-10-27T10:42:29+00:00\",\"inLanguage\":\"de\",\"potentialAction\":[{\"@type\":\"ReadAction\",\"target\":[\"http:\/\/kinoderkunst.de\/de\/programm-kdk-20\/artist-talks-2020\/\"]}]}]}<\/script>\n<!-- \/ Yoast SEO plugin. -->","_links":{"self":[{"href":"https:\/\/kinoderkunst.de\/de\/wp-json\/wp\/v2\/pages\/4601"}],"collection":[{"href":"https:\/\/kinoderkunst.de\/de\/wp-json\/wp\/v2\/pages"}],"about":[{"href":"https:\/\/kinoderkunst.de\/de\/wp-json\/wp\/v2\/types\/page"}],"author":[{"embeddable":true,"href":"https:\/\/kinoderkunst.de\/de\/wp-json\/wp\/v2\/users\/3"}],"replies":[{"embeddable":true,"href":"https:\/\/kinoderkunst.de\/de\/wp-json\/wp\/v2\/comments?post=4601"}],"version-history":[{"count":17,"href":"https:\/\/kinoderkunst.de\/de\/wp-json\/wp\/v2\/pages\/4601\/revisions"}],"predecessor-version":[{"id":5222,"href":"https:\/\/kinoderkunst.de\/de\/wp-json\/wp\/v2\/pages\/4601\/revisions\/5222"}],"up":[{"embeddable":true,"href":"https:\/\/kinoderkunst.de\/de\/wp-json\/wp\/v2\/pages\/976"}],"wp:attachment":[{"href":"https:\/\/kinoderkunst.de\/de\/wp-json\/wp\/v2\/media?parent=4601"}],"curies":[{"name":"wp","href":"https:\/\/api.w.org\/{rel}","templated":true}]}}