{"id":1049,"date":"2018-09-10T12:42:37","date_gmt":"2018-09-10T10:42:37","guid":{"rendered":"http:\/\/kinoderkunst.de\/dev\/?page_id=1049"},"modified":"2018-09-21T20:24:27","modified_gmt":"2018-09-21T18:24:27","slug":"symposium","status":"publish","type":"page","link":"https:\/\/kinoderkunst.de\/de\/archiv\/kdk-17\/symposium\/","title":{"rendered":"Symposium 17"},"content":{"rendered":"<h3>DIGITALIT\u00c4T, VIRTUALIT\u00c4T, IMMERSION<br \/>\nCHANCE UND HERAUSFORDERUNG F\u00dcR MEDIENKUNST<\/h3>\n<figure id=\"attachment_1689\" aria-describedby=\"caption-attachment-1689\" style=\"width: 572px\" class=\"wp-caption alignnone\"><img loading=\"lazy\" class=\"size-full wp-image-1689\" src=\"http:\/\/kinoderkunst.de\/dev\/wp-content\/uploads\/2018\/09\/kinoderkunst_2017_symposium.jpg\" alt=\"Banz &amp; Bowinkel, \u2018Mercury\u2019, 2016, VR experience, Screenshot. Courtesy of the artists\" width=\"572\" height=\"322\" srcset=\"https:\/\/kinoderkunst.de\/wp-content\/uploads\/2018\/09\/kinoderkunst_2017_symposium.jpg 572w, https:\/\/kinoderkunst.de\/wp-content\/uploads\/2018\/09\/kinoderkunst_2017_symposium-300x169.jpg 300w\" sizes=\"(max-width: 572px) 100vw, 572px\" \/><figcaption id=\"caption-attachment-1689\" class=\"wp-caption-text\">Banz &amp; Bowinkel, \u2018Mercury\u2019, 2016, VR experience, Screenshot. Courtesy of the artists<\/figcaption><\/figure>\n<p>KUNSTHALLE M\u00dcNCHEN<br \/>\n<strong>20\/04\/17, 10.00\u201316.30<br \/>\n<\/strong><strong>Symposium im Gartensalon der Kunsthalle M\u00fcnchen<br \/>\n<\/strong><strong>in Kooperation mit\u00a0ARRI Media GmbH<\/strong><\/p>\n<p>Die Digitalit\u00e4t geh\u00f6rt zu den pr\u00e4gendsten Neuerungen der letzten Jahrzehnte. Sie hat sich zu einer Revolution entwickelt, der gegen\u00fcber man sich bewusst verhalten muss, da sie fortw\u00e4hrend neue Fortschritte zu pr\u00e4sentieren scheint. Das interdisziplin\u00e4re Symposium &#8222;Digitalit\u00e4t, Virtualit\u00e4t, Immersion. Chance und Herausforderung f\u00fcr Medienkunst&#8220; richtet deshalb den Blick auf das Verh\u00e4ltnis von Medienkunst zu Digitalit\u00e4t, virtuellem Raum und Immersion.<!--more--><\/p>\n<p>Dabei soll aus heutiger Perspektive analysiert werden, wie sich die Konzeption und Wahrnehmung der Digitalit\u00e4t durch j\u00fcngste Erfindungen ver\u00e4ndert haben und welchen M\u00f6glichkeiten und Problemen Medienk\u00fcnstler, Kuratoren, Restauratoren und Sammler bei der Pr\u00e4sentation von Kunstwerken mit digitalen, bewegten Bildern gegen\u00fcberstehen. <strong>Prof. Dr. Oliver Grau<\/strong> (Lehrstuhlinhaber f\u00fcr Bildwissenschaften an der Donau-Universit\u00e4t in Krems) wird Aspekte der \u00c4sthetik und Rezeption digitaler Medienkunst und ihres Visualisierungspotenzials diskutieren. Er pl\u00e4diert f\u00fcr ein konzertiertes Netzwerk qualifizierter Museen und Archive, welches der zeitgen\u00f6ssisch-digitalen Kunst angemessen ist. <strong>Andreas Wei\u00dfer <\/strong>(Restaurator f\u00fcr Medien am Doerner Institut, M\u00fcnchen) wird aufschl\u00fcsseln, welche neuen Fragestellungen bei der Betreuung digitaler Medienkunst entstehen. Wie geht man beispielsweise mit sich permanent weiterentwickelnden Technologien um, und was muss man tun, um virtuelle Werke zu bewahren? Dar\u00fcber hinaus widmet sich das Symposium innovativen Ans\u00e4tzen der Erlebbarkeit von Medienkunst im virtuellen Raum. Mit der verbindenden Idee der Immersion werden aktuelle Entwicklungen vorgestellt, die losgel\u00f6st vom ortsgebundenen Kunstwerk gedacht sind und so neue k\u00fcnstlerische, aber auch rezeptions- und vermittlungsbezogene M\u00f6glichkeiten vorschlagen. <strong>Sabine Himmelsbach<\/strong> (Direktorin des HeK, Haus der elektronischen K\u00fcnste Basel) stellt anhand der Ausstellung &#8222;Die ungerahmte Welt&#8220;, die virtuelle Realit\u00e4t als k\u00fcnstlerisches Medium pr\u00e4sentiert, das Potenzial dieser neuen Technologie f\u00fcr K\u00fcnstler und Museen vor. <strong>Dr. Florian Faion <\/strong>(Institut f\u00fcr Intelligente Sensor-Aktor-Systeme, ISAS) und <strong>Dr. Jes\u00fas Mu\u00f1oz Morcillo<\/strong> (ZAK | Zentrum f\u00fcr Angewandte Kulturwissenschaft und Studium Generale) \u2013 beide aus dem Karlsruher Institut f\u00fcr Technologie (KIT) \u2013 pr\u00e4sentieren Ergebnisse aus dem Forschungsprojekt &#8222;e-Installation: Syn\u00e4sthetische Dokumentation von Medienkunst-Installationen&#8220;.\u00a0 In Kooperation mit Museen f\u00fcr Neue Kunst wie dem ZKM I Zentrum f\u00fcr Kunst und Medien werden gef\u00e4hrdete Medienkunstwerke virtualisiert und so f\u00fcr Forschung, Lehre und die interessierte \u00d6ffentlichkeit ortsunabh\u00e4ngig und realit\u00e4tsnah zug\u00e4nglich gemacht. Abschlie\u00dfend berichtet <strong>Andr\u00e9 Rittner <\/strong>\u00fcber Virtual-, Augmented- und Mixed Reality-Projektumsetzungen der ARRI Media GmbH, die von der Konzeption \u00fcber die Kreation bis zur Applikation umgesetzt wurden.<\/p>\n","protected":false},"excerpt":{"rendered":"<p>DIGITALIT\u00c4T, VIRTUALIT\u00c4T, IMMERSION CHANCE UND HERAUSFORDERUNG F\u00dcR MEDIENKUNST KUNSTHALLE M\u00dcNCHEN 20\/04\/17, 10.00\u201316.30 Symposium im Gartensalon der Kunsthalle M\u00fcnchen in Kooperation mit\u00a0ARRI Media GmbH Die Digitalit\u00e4t geh\u00f6rt zu den pr\u00e4gendsten Neuerungen der letzten Jahrzehnte. Sie hat sich zu einer Revolution entwickelt, der gegen\u00fcber man sich bewusst verhalten muss, da sie fortw\u00e4hrend neue Fortschritte zu pr\u00e4sentieren scheint. [&hellip;]<\/p>\n","protected":false},"author":1,"featured_media":0,"parent":1041,"menu_order":89,"comment_status":"closed","ping_status":"closed","template":"","meta":[],"yoast_head":"<!-- This site is optimized with the Yoast SEO plugin v15.7 - https:\/\/yoast.com\/wordpress\/plugins\/seo\/ -->\n<title>Symposium 17 &ndash; Kino der Kunst<\/title>\n<meta name=\"robots\" content=\"index, follow, max-snippet:-1, max-image-preview:large, max-video-preview:-1\" \/>\n<link rel=\"canonical\" href=\"http:\/\/kinoderkunst.de\/de\/archiv\/kdk-17\/symposium\/\" \/>\n<meta property=\"og:locale\" content=\"de_DE\" \/>\n<meta property=\"og:type\" content=\"article\" \/>\n<meta property=\"og:title\" content=\"Symposium 17 &ndash; Kino der Kunst\" \/>\n<meta property=\"og:description\" content=\"DIGITALIT\u00c4T, VIRTUALIT\u00c4T, IMMERSION CHANCE UND HERAUSFORDERUNG F\u00dcR MEDIENKUNST KUNSTHALLE M\u00dcNCHEN 20\/04\/17, 10.00\u201316.30 Symposium im Gartensalon der Kunsthalle M\u00fcnchen in Kooperation mit\u00a0ARRI Media GmbH Die Digitalit\u00e4t geh\u00f6rt zu den pr\u00e4gendsten Neuerungen der letzten Jahrzehnte. Sie hat sich zu einer Revolution entwickelt, der gegen\u00fcber man sich bewusst verhalten muss, da sie fortw\u00e4hrend neue Fortschritte zu pr\u00e4sentieren scheint. [&hellip;]\" \/>\n<meta property=\"og:url\" content=\"http:\/\/kinoderkunst.de\/de\/archiv\/kdk-17\/symposium\/\" \/>\n<meta property=\"og:site_name\" content=\"Kino der Kunst\" \/>\n<meta property=\"article:publisher\" content=\"https:\/\/www.facebook.com\/KinoderKunst\/\" \/>\n<meta property=\"article:modified_time\" content=\"2018-09-21T18:24:27+00:00\" \/>\n<meta property=\"og:image\" content=\"http:\/\/kinoderkunst.de\/dev\/wp-content\/uploads\/2018\/09\/kinoderkunst_2017_symposium.jpg\" \/>\n<meta name=\"twitter:card\" content=\"summary_large_image\" \/>\n<meta name=\"twitter:site\" content=\"@kinoderkunst\" \/>\n<meta name=\"twitter:label1\" content=\"Gesch\u00e4tzte Lesezeit\">\n\t<meta name=\"twitter:data1\" content=\"2\u00a0Minuten\">\n<script type=\"application\/ld+json\" class=\"yoast-schema-graph\">{\"@context\":\"https:\/\/schema.org\",\"@graph\":[{\"@type\":\"WebSite\",\"@id\":\"https:\/\/kinoderkunst.de\/de\/#website\",\"url\":\"https:\/\/kinoderkunst.de\/de\/\",\"name\":\"Kino der Kunst\",\"description\":\"\",\"potentialAction\":[{\"@type\":\"SearchAction\",\"target\":\"https:\/\/kinoderkunst.de\/de\/?s={search_term_string}\",\"query-input\":\"required name=search_term_string\"}],\"inLanguage\":\"de\"},{\"@type\":\"ImageObject\",\"@id\":\"http:\/\/kinoderkunst.de\/de\/archiv\/kdk-17\/symposium\/#primaryimage\",\"inLanguage\":\"de\",\"url\":\"http:\/\/kinoderkunst.de\/dev\/wp-content\/uploads\/2018\/09\/kinoderkunst_2017_symposium.jpg\"},{\"@type\":\"WebPage\",\"@id\":\"http:\/\/kinoderkunst.de\/de\/archiv\/kdk-17\/symposium\/#webpage\",\"url\":\"http:\/\/kinoderkunst.de\/de\/archiv\/kdk-17\/symposium\/\",\"name\":\"Symposium 17 &ndash; Kino der Kunst\",\"isPartOf\":{\"@id\":\"https:\/\/kinoderkunst.de\/de\/#website\"},\"primaryImageOfPage\":{\"@id\":\"http:\/\/kinoderkunst.de\/de\/archiv\/kdk-17\/symposium\/#primaryimage\"},\"datePublished\":\"2018-09-10T10:42:37+00:00\",\"dateModified\":\"2018-09-21T18:24:27+00:00\",\"inLanguage\":\"de\",\"potentialAction\":[{\"@type\":\"ReadAction\",\"target\":[\"http:\/\/kinoderkunst.de\/de\/archiv\/kdk-17\/symposium\/\"]}]}]}<\/script>\n<!-- \/ Yoast SEO plugin. -->","_links":{"self":[{"href":"https:\/\/kinoderkunst.de\/de\/wp-json\/wp\/v2\/pages\/1049"}],"collection":[{"href":"https:\/\/kinoderkunst.de\/de\/wp-json\/wp\/v2\/pages"}],"about":[{"href":"https:\/\/kinoderkunst.de\/de\/wp-json\/wp\/v2\/types\/page"}],"author":[{"embeddable":true,"href":"https:\/\/kinoderkunst.de\/de\/wp-json\/wp\/v2\/users\/1"}],"replies":[{"embeddable":true,"href":"https:\/\/kinoderkunst.de\/de\/wp-json\/wp\/v2\/comments?post=1049"}],"version-history":[{"count":8,"href":"https:\/\/kinoderkunst.de\/de\/wp-json\/wp\/v2\/pages\/1049\/revisions"}],"predecessor-version":[{"id":2740,"href":"https:\/\/kinoderkunst.de\/de\/wp-json\/wp\/v2\/pages\/1049\/revisions\/2740"}],"up":[{"embeddable":true,"href":"https:\/\/kinoderkunst.de\/de\/wp-json\/wp\/v2\/pages\/1041"}],"wp:attachment":[{"href":"https:\/\/kinoderkunst.de\/de\/wp-json\/wp\/v2\/media?parent=1049"}],"curies":[{"name":"wp","href":"https:\/\/api.w.org\/{rel}","templated":true}]}}