{"id":1013,"date":"2018-09-10T12:33:08","date_gmt":"2018-09-10T10:33:08","guid":{"rendered":"http:\/\/kinoderkunst.de\/dev\/?page_id=1013"},"modified":"2025-11-12T14:19:03","modified_gmt":"2025-11-12T13:19:03","slug":"kino-der-kunst","status":"publish","type":"page","link":"https:\/\/kinoderkunst.de\/de\/about\/kino-der-kunst\/","title":{"rendered":"Kino der Kunst"},"content":{"rendered":"<p>KINO DER KUNST war eine weltweit einzigartige Mischung aus Filmfestival und Kunstausstellung, wurde 2012 gegr\u00fcndet und fand von 2013 bis 2020 in M\u00fcnchen statt.<br \/>\nGezeigt wurden in einem hochdotierten internationalen Wettbewerb herausragende filmische Werke von bildenden K\u00fcnstler*innen. Sonderprogramme, K\u00fcnstlergespr\u00e4che und Multi-Kanal-Installationen erg\u00e4nzten das Filmprogramm.<\/p>\n<p>Gegr\u00fcndet von Kunstkritiker und Dokumentarfilmer Heinz Peter Schwerfel, untersuchte KINO DER KUNST das zeitgen\u00f6ssische Verh\u00e4ltnis von bildender Kunst und Film. Programmatischer Fokus war der k\u00fcnstlerische Umgang mit Fiktion und Erz\u00e4hlung. Pr\u00e4sentiert wurden filmische Werke, in denen K\u00fcnstler*innen formale Innovation und eine hoch \u00e4sthetische Bildsprache anwenden, ohne die inhaltlich ernstzunehmenden Themen unserer Zeit aus den Augen zu verlieren.<\/p>\n","protected":false},"excerpt":{"rendered":"<p>KINO DER KUNST war eine weltweit einzigartige Mischung aus Filmfestival und Kunstausstellung, wurde 2012 gegr\u00fcndet und fand von 2013 bis 2020 in M\u00fcnchen statt. Gezeigt wurden in einem hochdotierten internationalen Wettbewerb herausragende filmische Werke von bildenden K\u00fcnstler*innen. Sonderprogramme, K\u00fcnstlergespr\u00e4che und Multi-Kanal-Installationen erg\u00e4nzten das Filmprogramm. Gegr\u00fcndet von Kunstkritiker und Dokumentarfilmer Heinz Peter Schwerfel, untersuchte KINO DER [&hellip;]<\/p>\n","protected":false},"author":1,"featured_media":0,"parent":164,"menu_order":55,"comment_status":"closed","ping_status":"closed","template":"","meta":[],"yoast_head":"<!-- This site is optimized with the Yoast SEO plugin v15.7 - https:\/\/yoast.com\/wordpress\/plugins\/seo\/ -->\n<title>Kino der Kunst &ndash; Kino der Kunst<\/title>\n<meta name=\"robots\" content=\"index, follow, max-snippet:-1, max-image-preview:large, max-video-preview:-1\" \/>\n<link rel=\"canonical\" href=\"http:\/\/kinoderkunst.de\/de\/about\/kino-der-kunst\/\" \/>\n<meta property=\"og:locale\" content=\"de_DE\" \/>\n<meta property=\"og:type\" content=\"article\" \/>\n<meta property=\"og:title\" content=\"Kino der Kunst &ndash; Kino der Kunst\" \/>\n<meta property=\"og:description\" content=\"KINO DER KUNST war eine weltweit einzigartige Mischung aus Filmfestival und Kunstausstellung, wurde 2012 gegr\u00fcndet und fand von 2013 bis 2020 in M\u00fcnchen statt. Gezeigt wurden in einem hochdotierten internationalen Wettbewerb herausragende filmische Werke von bildenden K\u00fcnstler*innen. Sonderprogramme, K\u00fcnstlergespr\u00e4che und Multi-Kanal-Installationen erg\u00e4nzten das Filmprogramm. Gegr\u00fcndet von Kunstkritiker und Dokumentarfilmer Heinz Peter Schwerfel, untersuchte KINO DER [&hellip;]\" \/>\n<meta property=\"og:url\" content=\"http:\/\/kinoderkunst.de\/de\/about\/kino-der-kunst\/\" \/>\n<meta property=\"og:site_name\" content=\"Kino der Kunst\" \/>\n<meta property=\"article:publisher\" content=\"https:\/\/www.facebook.com\/KinoderKunst\/\" \/>\n<meta property=\"article:modified_time\" content=\"2025-11-12T13:19:03+00:00\" \/>\n<meta name=\"twitter:card\" content=\"summary_large_image\" \/>\n<meta name=\"twitter:site\" content=\"@kinoderkunst\" \/>\n<meta name=\"twitter:label1\" content=\"Gesch\u00e4tzte Lesezeit\">\n\t<meta name=\"twitter:data1\" content=\"1\u00a0Minute\">\n<script type=\"application\/ld+json\" class=\"yoast-schema-graph\">{\"@context\":\"https:\/\/schema.org\",\"@graph\":[{\"@type\":\"WebSite\",\"@id\":\"https:\/\/kinoderkunst.de\/de\/#website\",\"url\":\"https:\/\/kinoderkunst.de\/de\/\",\"name\":\"Kino der Kunst\",\"description\":\"\",\"potentialAction\":[{\"@type\":\"SearchAction\",\"target\":\"https:\/\/kinoderkunst.de\/de\/?s={search_term_string}\",\"query-input\":\"required name=search_term_string\"}],\"inLanguage\":\"de\"},{\"@type\":\"WebPage\",\"@id\":\"http:\/\/kinoderkunst.de\/de\/about\/kino-der-kunst\/#webpage\",\"url\":\"http:\/\/kinoderkunst.de\/de\/about\/kino-der-kunst\/\",\"name\":\"Kino der Kunst &ndash; Kino der Kunst\",\"isPartOf\":{\"@id\":\"https:\/\/kinoderkunst.de\/de\/#website\"},\"datePublished\":\"2018-09-10T10:33:08+00:00\",\"dateModified\":\"2025-11-12T13:19:03+00:00\",\"inLanguage\":\"de\",\"potentialAction\":[{\"@type\":\"ReadAction\",\"target\":[\"http:\/\/kinoderkunst.de\/de\/about\/kino-der-kunst\/\"]}]}]}<\/script>\n<!-- \/ Yoast SEO plugin. -->","_links":{"self":[{"href":"https:\/\/kinoderkunst.de\/de\/wp-json\/wp\/v2\/pages\/1013"}],"collection":[{"href":"https:\/\/kinoderkunst.de\/de\/wp-json\/wp\/v2\/pages"}],"about":[{"href":"https:\/\/kinoderkunst.de\/de\/wp-json\/wp\/v2\/types\/page"}],"author":[{"embeddable":true,"href":"https:\/\/kinoderkunst.de\/de\/wp-json\/wp\/v2\/users\/1"}],"replies":[{"embeddable":true,"href":"https:\/\/kinoderkunst.de\/de\/wp-json\/wp\/v2\/comments?post=1013"}],"version-history":[{"count":10,"href":"https:\/\/kinoderkunst.de\/de\/wp-json\/wp\/v2\/pages\/1013\/revisions"}],"predecessor-version":[{"id":5714,"href":"https:\/\/kinoderkunst.de\/de\/wp-json\/wp\/v2\/pages\/1013\/revisions\/5714"}],"up":[{"embeddable":true,"href":"https:\/\/kinoderkunst.de\/de\/wp-json\/wp\/v2\/pages\/164"}],"wp:attachment":[{"href":"https:\/\/kinoderkunst.de\/de\/wp-json\/wp\/v2\/media?parent=1013"}],"curies":[{"name":"wp","href":"https:\/\/api.w.org\/{rel}","templated":true}]}}